{"id":4451,"date":"2022-09-07T09:20:33","date_gmt":"2022-09-07T13:20:33","guid":{"rendered":"https:\/\/toutoui.musicalite.net\/musicalite-garderies\/"},"modified":"2022-10-25T17:27:57","modified_gmt":"2022-10-25T21:27:57","slug":"daycares","status":"publish","type":"page","link":"https:\/\/toutoui.musicalite.net\/en\/daycares\/","title":{"rendered":"Musicalit\u00e9 Daycares"},"content":{"rendered":"\n\n\t\t\t\t<img loading=\"lazy\" decoding=\"async\" src=\"https:\/\/toutoui.musicalite.net\/wp-content\/uploads\/2022\/10\/LOGO-EN-INGLES-NUEVO.png\" alt=\"LOGO-EN-INGL\u00c9S-NUEVO\" itemprop=\"image\" height=\"701\" width=\"1780\" title=\"LOGO-EN-INGL\u00c9S-NUEVO\" onerror=\"this.style.display='none'\"  \/>\n\t<p>An engaging and powerful musical experience!<\/p>\n\t<p>We make sure to maintain a safe space during the learning process by using repetition and keeping the lesson structure consistent throughout the session. In essence, a Musicalit\u00e9 class looks like the illustration above.<\/p>\n\t\t\t\t<img loading=\"lazy\" decoding=\"async\" src=\"https:\/\/toutoui.musicalite.net\/wp-content\/uploads\/2022\/10\/COSA-en.png\" alt=\"COSA-en\" itemprop=\"image\" height=\"274\" width=\"1853\" title=\"COSA-en\" onerror=\"this.style.display='none'\"  \/>\n\t<p>Our music program helps to nurture all aspects of intelligence including musical, kinesthetic, logical\/mathematical, visual\/spatial, moral, social and linguistic.<\/p>\n\t<p>Our primary objective is not only to teach music but to enrich the overall development of children through movement!<\/p>\n<h1>\n\t\tPEDAGOGY\n\t<\/h1>\n<p>Our pedagogy is the culmination of more than <a href=\"https:\/\/musicalite.net\/\/en\/home-musicalite\/team\/\">30 years<\/a> of experience in music education combined with the most relevant aspects of other music pedagogy methods such as\u00a0<a href=\"https:\/\/www.orffquebec.ca\">Orff<\/a>\u2009 and\u00a0<a href=\"https:\/\/www.dalcrozecanada.com\/index.php\/en\/\">Dalcroze.<\/a><\/p>\n<p>Furthermore, we enrich our program by including activities which stimulate psychomotor development, language acquisition, sensory awareness, and a sense of physical and emotional security in children. Additionally, we included \u00a0movements in our activities in order to optimize neurosensory development.<\/p>\n<p><strong>Our musical program is unique, rich, and personalized. We are constantly striving to evolve and improve as we build upon our experience!<\/strong><\/p>\n\t\t\t\t<img loading=\"lazy\" decoding=\"async\" src=\"https:\/\/toutoui.musicalite.net\/wp-content\/uploads\/2022\/09\/renard-190221-88.jpg\" alt=\"renard-190221-88\" itemprop=\"image\" height=\"1365\" width=\"2048\" title=\"renard-190221-88\" onerror=\"this.style.display='none'\"  \/>\n<h1>\n\t\tFEATURES\n\t<\/h1>\n<p>\u2022 30 minutes of musical activities per group<\/p>\n<p>\u2022\u00a02.5 hours of music per week (minimum)<\/p>\n<p>\u2022\u00a0For children from 10 months to 6 years old<\/p>\n<p>\u2022\u00a0Percussion instruments and diverse pedagogical tools<\/p>\n<p>\u2022 Packages per session of 12 weeks or more<\/p>\n<p>\u2022 New program and activities for each season<\/p>\n<p>\u2022\u00a0Bilingual program<\/p>\n\t\t\t\t<img loading=\"lazy\" decoding=\"async\" src=\"https:\/\/toutoui.musicalite.net\/wp-content\/uploads\/2022\/09\/sauter2.jpg\" alt=\"sauter2\" itemprop=\"image\" height=\"1080\" width=\"1617\" title=\"sauter2\" onerror=\"this.style.display='none'\"  \/>\n<h1>\n\t\tOUR PHILOSOPHY\n\t<\/h1>\n<p>\u2022\u00a0Musical concepts are explored through the body<\/p>\n<p>\u2022\u00a0Rhythmic and synchronization are at the core of our program<\/p>\n<p>\u2022\u00a0Our courses are conceived as an informal performance which captivates the children&#8217;s attention<\/p>\n<p>\u2022\u00a0Children guide and inspire our programming<\/p>\n\t\t\t\t<img loading=\"lazy\" decoding=\"async\" src=\"https:\/\/toutoui.musicalite.net\/wp-content\/uploads\/2022\/10\/MG_0146.jpg\" alt=\"musique pour enfants\" itemprop=\"image\" height=\"1181\" width=\"1772\" title=\"musique pour enfants\" onerror=\"this.style.display='none'\"  \/>\n<h1>\n\t\tBENEFITS OF OUR PROGRAM \n\t<\/h1>\n<p>These are some of the positive impacts noticed by the teachers and directors of the CPEs and daycare centers which implement our music program (Survey 2019):<\/p>\n\t\t\t<a href=\"#\" id=\"fl-accordion--label-0\" tabindex=\"0\" aria-controls=\"fl-accordion--panel-0\">Language<\/a>\n\t\t<p>With our program, more than half of CPEs and daycares notice an improvement among children in their language acquisition. For example, the children follow oral patterns more easily and sing better.<\/p>\n\t\t\t<a href=\"#\" id=\"fl-accordion--label-1\" tabindex=\"0\" aria-controls=\"fl-accordion--panel-1\">Concentration and Discipline<\/a>\n\t\t<p>The more children are actively and physically engaged in the learning process, the more attentive and focused they are on performing suggested activities. Children take great pleasure in performing and exercising with a specific goal. More than 50% see positive changes in children&#8217;s behaviour.<\/p>\n\t\t\t<a href=\"#\" id=\"fl-accordion--label-2\" tabindex=\"0\" aria-controls=\"fl-accordion--panel-2\">Coordination and Motor Skills<\/a>\n\t\t<p>With our program, teachers have noticed an improvement in children&#8217;s lateral movements and balance as well as their ability to reproduce sequences in space.<\/p>\n\t\t\t<a href=\"#\" id=\"fl-accordion--label-3\" tabindex=\"0\" aria-controls=\"fl-accordion--panel-3\">Unity<\/a>\n\t\t<p>Singing together promotes comprehension and improves a sense of group cohesion.<\/p>\n\t\t\t<a href=\"#\" id=\"fl-accordion--label-4\" tabindex=\"0\" aria-controls=\"fl-accordion--panel-4\">Acceptance of Diversity <\/a>\n\t\t<p>Our activities in French, English and Spanish serve to raise awareness of the diversity of cultures in this country. Our funny accents make the children (and teachers) laugh.<\/p>\n\t\t\t<a href=\"#\" id=\"fl-accordion--label-5\" tabindex=\"0\" aria-controls=\"fl-accordion--panel-5\">Rhythmic Awareness<\/a>\n\t\t<p>The children begin by sustaining the pulse, following rhythms naturally, and learning when to stop.<\/p>\n\t\t\t<a href=\"#\" id=\"fl-accordion--label-6\" tabindex=\"0\" aria-controls=\"fl-accordion--panel-6\">Love of Music<\/a>\n\t\t<p>The children wait impatiently for the day of their music class. During the week they spontaneously sing the program&#8217;s songs.<\/p>\n\t\t\t<a href=\"#\" id=\"fl-accordion--label-7\" tabindex=\"0\" aria-controls=\"fl-accordion--panel-7\">Consciousness and Confidence<\/a>\n\t\t<p>With the relaxation activities and the Braingym program, the children close their eyes easily, remain silent, and are able to focus on their breathing.<\/p>\n\t<p>\u00ab\u00a0Musicalit\u00e9 has been part of the Talents123 family for over 8 years. Their approach to instill a joy of music in children is phenomenal. Personal relationships are formed between their teachers and our children that last well beyond their daycare years. Throughout the years, we couldn&#8217;t have asked for a better team to support us in creating beautiful memories for children, parents, and educators alike. A day with Musicalit\u00e9 on the schedule is our children&#8217;s favourite day!&#8221;<\/p>\n<strong>Rima Balhawan<\/strong><br \/>\n<strong>Bilingual Daycare Talents 1,2,3<\/strong>\n\t\t\t<a href=\"https:\/\/.musicalite.net\/en\/contact\/\" target=\"_blank\" role=\"button\" rel=\"noopener\">\n\t\t\t\t\t\t\tCONTACT US\n\t\t\t\t\t<\/a>\n\n","protected":false},"excerpt":{"rendered":"<p>An engaging and powerful musical experience! We make sure to maintain a safe space during the learning process by using repetition and keeping the lesson structure consistent throughout the session. In essence, a Musicalit\u00e9 class looks like the illustration above. Our music program helps to nurture all aspects of intelligence including musical, kinesthetic, logical\/mathematical, visual\/spatial, [&hellip;]<\/p>\n","protected":false},"author":1,"featured_media":3745,"parent":0,"menu_order":0,"comment_status":"closed","ping_status":"closed","template":"","meta":{"site-sidebar-layout":"no-sidebar","site-content-layout":"page-builder","ast-site-content-layout":"default","site-content-style":"default","site-sidebar-style":"default","ast-global-header-display":"","ast-banner-title-visibility":"","ast-main-header-display":"","ast-hfb-above-header-display":"","ast-hfb-below-header-display":"","ast-hfb-mobile-header-display":"disabled","site-post-title":"disabled","ast-breadcrumbs-content":"disabled","ast-featured-img":"disabled","footer-sml-layout":"disabled","theme-transparent-header-meta":"default","adv-header-id-meta":"","stick-header-meta":"default","header-above-stick-meta":"","header-main-stick-meta":"","header-below-stick-meta":"","astra-migrate-meta-layouts":"default","ast-page-background-enabled":"default","ast-page-background-meta":{"desktop":{"background-color":"","background-image":"","background-repeat":"repeat","background-position":"center center","background-size":"auto","background-attachment":"scroll","background-type":"","background-media":"","overlay-type":"","overlay-color":"","overlay-opacity":"","overlay-gradient":""},"tablet":{"background-color":"","background-image":"","background-repeat":"repeat","background-position":"center center","background-size":"auto","background-attachment":"scroll","background-type":"","background-media":"","overlay-type":"","overlay-color":"","overlay-opacity":"","overlay-gradient":""},"mobile":{"background-color":"","background-image":"","background-repeat":"repeat","background-position":"center center","background-size":"auto","background-attachment":"scroll","background-type":"","background-media":"","overlay-type":"","overlay-color":"","overlay-opacity":"","overlay-gradient":""}},"ast-content-background-meta":{"desktop":{"background-color":"var(--ast-global-color-5)","background-image":"","background-repeat":"repeat","background-position":"center center","background-size":"auto","background-attachment":"scroll","background-type":"","background-media":"","overlay-type":"","overlay-color":"","overlay-opacity":"","overlay-gradient":""},"tablet":{"background-color":"var(--ast-global-color-5)","background-image":"","background-repeat":"repeat","background-position":"center center","background-size":"auto","background-attachment":"scroll","background-type":"","background-media":"","overlay-type":"","overlay-color":"","overlay-opacity":"","overlay-gradient":""},"mobile":{"background-color":"var(--ast-global-color-5)","background-image":"","background-repeat":"repeat","background-position":"center center","background-size":"auto","background-attachment":"scroll","background-type":"","background-media":"","overlay-type":"","overlay-color":"","overlay-opacity":"","overlay-gradient":""}},"footnotes":""},"class_list":["post-4451","page","type-page","status-publish","has-post-thumbnail","hentry"],"yoast_head":"<!-- This site is optimized with the Yoast SEO plugin v26.4 - https:\/\/yoast.com\/wordpress\/plugins\/seo\/ -->\n<title>Musicalit\u00e9 Daycares - Toutoui &gt; Plateforme \u00e9ducative<\/title>\n<meta name=\"description\" content=\"Des outils puissants et captivants au service du d\u00e9veloppement des enfants. Toutoui, un programme de musique et de mouvement efficace.\" \/>\n<meta name=\"robots\" content=\"index, follow, max-snippet:-1, max-image-preview:large, max-video-preview:-1\" \/>\n<link rel=\"canonical\" href=\"https:\/\/toutoui.musicalite.net\/en\/daycares\/\" \/>\n<meta property=\"og:locale\" content=\"en_US\" \/>\n<meta property=\"og:type\" content=\"article\" \/>\n<meta property=\"og:title\" content=\"Musicalit\u00e9 Daycares - Toutoui &gt; Plateforme \u00e9ducative\" \/>\n<meta property=\"og:description\" content=\"Outils puissants et captivants au service du d\u00e9veloppement\" \/>\n<meta property=\"og:url\" content=\"https:\/\/toutoui.musicalite.net\/en\/daycares\/\" \/>\n<meta property=\"og:site_name\" content=\"Toutoui &gt; Plateforme \u00e9ducative\" \/>\n<meta property=\"article:modified_time\" content=\"2022-10-25T21:27:57+00:00\" \/>\n<meta property=\"og:image\" content=\"https:\/\/toutoui.musicalite.net\/wp-content\/uploads\/2021\/11\/TOUTOUI.png\" \/>\n\t<meta property=\"og:image:width\" content=\"2124\" \/>\n\t<meta property=\"og:image:height\" content=\"1701\" \/>\n\t<meta property=\"og:image:type\" content=\"image\/png\" \/>\n<meta name=\"twitter:card\" content=\"summary_large_image\" \/>\n<meta name=\"twitter:title\" content=\"Toutoui programme musique et mouvement en ligne pour les enfants de 0 \u00e0 6 ans\" \/>\n<meta name=\"twitter:description\" content=\"Outils puissants et captivants au service du d\u00e9veloppement\" \/>\n<meta name=\"twitter:label1\" content=\"Est. reading time\" \/>\n\t<meta name=\"twitter:data1\" content=\"3 minutes\" \/>\n<script type=\"application\/ld+json\" class=\"yoast-schema-graph\">{\"@context\":\"https:\/\/schema.org\",\"@graph\":[{\"@type\":\"WebPage\",\"@id\":\"https:\/\/toutoui.musicalite.net\/en\/daycares\/\",\"url\":\"https:\/\/toutoui.musicalite.net\/en\/daycares\/\",\"name\":\"Musicalit\u00e9 Daycares - Toutoui &gt; Plateforme \u00e9ducative\",\"isPartOf\":{\"@id\":\"https:\/\/toutoui.musicalite.net\/#website\"},\"primaryImageOfPage\":{\"@id\":\"https:\/\/toutoui.musicalite.net\/en\/daycares\/#primaryimage\"},\"image\":{\"@id\":\"https:\/\/toutoui.musicalite.net\/en\/daycares\/#primaryimage\"},\"thumbnailUrl\":\"https:\/\/toutoui.musicalite.net\/wp-content\/uploads\/2021\/11\/TOUTOUI.png\",\"datePublished\":\"2022-09-07T13:20:33+00:00\",\"dateModified\":\"2022-10-25T21:27:57+00:00\",\"description\":\"Des outils puissants et captivants au service du d\u00e9veloppement des enfants. Toutoui, un programme de musique et de mouvement efficace.\",\"breadcrumb\":{\"@id\":\"https:\/\/toutoui.musicalite.net\/en\/daycares\/#breadcrumb\"},\"inLanguage\":\"en-US\",\"potentialAction\":[{\"@type\":\"ReadAction\",\"target\":[\"https:\/\/toutoui.musicalite.net\/en\/daycares\/\"]}]},{\"@type\":\"ImageObject\",\"inLanguage\":\"en-US\",\"@id\":\"https:\/\/toutoui.musicalite.net\/en\/daycares\/#primaryimage\",\"url\":\"https:\/\/toutoui.musicalite.net\/wp-content\/uploads\/2021\/11\/TOUTOUI.png\",\"contentUrl\":\"https:\/\/toutoui.musicalite.net\/wp-content\/uploads\/2021\/11\/TOUTOUI.png\",\"width\":2124,\"height\":1701},{\"@type\":\"BreadcrumbList\",\"@id\":\"https:\/\/toutoui.musicalite.net\/en\/daycares\/#breadcrumb\",\"itemListElement\":[{\"@type\":\"ListItem\",\"position\":1,\"name\":\"Accueil\",\"item\":\"https:\/\/toutoui.musicalite.net\/en\/\"},{\"@type\":\"ListItem\",\"position\":2,\"name\":\"Musicalit\u00e9 Daycares\"}]},{\"@type\":\"WebSite\",\"@id\":\"https:\/\/toutoui.musicalite.net\/#website\",\"url\":\"https:\/\/toutoui.musicalite.net\/\",\"name\":\"Toutoui &gt; Plateforme \u00e9ducative\",\"description\":\"Musicalit\u00e9 en ligne\",\"publisher\":{\"@id\":\"https:\/\/toutoui.musicalite.net\/#organization\"},\"potentialAction\":[{\"@type\":\"SearchAction\",\"target\":{\"@type\":\"EntryPoint\",\"urlTemplate\":\"https:\/\/toutoui.musicalite.net\/?s={search_term_string}\"},\"query-input\":{\"@type\":\"PropertyValueSpecification\",\"valueRequired\":true,\"valueName\":\"search_term_string\"}}],\"inLanguage\":\"en-US\"},{\"@type\":\"Organization\",\"@id\":\"https:\/\/toutoui.musicalite.net\/#organization\",\"name\":\"Toutoui &gt; Plateforme \u00e9ducative\",\"url\":\"https:\/\/toutoui.musicalite.net\/\",\"logo\":{\"@type\":\"ImageObject\",\"inLanguage\":\"en-US\",\"@id\":\"https:\/\/toutoui.musicalite.net\/#\/schema\/logo\/image\/\",\"url\":\"https:\/\/toutoui.musicalite.net\/wp-content\/uploads\/2022\/09\/cropped-logo-M.001-1-e1662054287241-1.png\",\"contentUrl\":\"https:\/\/toutoui.musicalite.net\/wp-content\/uploads\/2022\/09\/cropped-logo-M.001-1-e1662054287241-1.png\",\"width\":512,\"height\":217,\"caption\":\"Toutoui &gt; Plateforme \u00e9ducative\"},\"image\":{\"@id\":\"https:\/\/toutoui.musicalite.net\/#\/schema\/logo\/image\/\"}}]}<\/script>\n<!-- \/ Yoast SEO plugin. -->","yoast_head_json":{"title":"Musicalit\u00e9 Daycares - Toutoui &gt; Plateforme \u00e9ducative","description":"Des outils puissants et captivants au service du d\u00e9veloppement des enfants. Toutoui, un programme de musique et de mouvement efficace.","robots":{"index":"index","follow":"follow","max-snippet":"max-snippet:-1","max-image-preview":"max-image-preview:large","max-video-preview":"max-video-preview:-1"},"canonical":"https:\/\/toutoui.musicalite.net\/en\/daycares\/","og_locale":"en_US","og_type":"article","og_title":"Musicalit\u00e9 Daycares - Toutoui &gt; Plateforme \u00e9ducative","og_description":"Outils puissants et captivants au service du d\u00e9veloppement","og_url":"https:\/\/toutoui.musicalite.net\/en\/daycares\/","og_site_name":"Toutoui &gt; Plateforme \u00e9ducative","article_modified_time":"2022-10-25T21:27:57+00:00","og_image":[{"width":2124,"height":1701,"url":"https:\/\/toutoui.musicalite.net\/wp-content\/uploads\/2021\/11\/TOUTOUI.png","type":"image\/png"}],"twitter_card":"summary_large_image","twitter_title":"Toutoui programme musique et mouvement en ligne pour les enfants de 0 \u00e0 6 ans","twitter_description":"Outils puissants et captivants au service du d\u00e9veloppement","twitter_misc":{"Est. reading time":"3 minutes"},"schema":{"@context":"https:\/\/schema.org","@graph":[{"@type":"WebPage","@id":"https:\/\/toutoui.musicalite.net\/en\/daycares\/","url":"https:\/\/toutoui.musicalite.net\/en\/daycares\/","name":"Musicalit\u00e9 Daycares - Toutoui &gt; Plateforme \u00e9ducative","isPartOf":{"@id":"https:\/\/toutoui.musicalite.net\/#website"},"primaryImageOfPage":{"@id":"https:\/\/toutoui.musicalite.net\/en\/daycares\/#primaryimage"},"image":{"@id":"https:\/\/toutoui.musicalite.net\/en\/daycares\/#primaryimage"},"thumbnailUrl":"https:\/\/toutoui.musicalite.net\/wp-content\/uploads\/2021\/11\/TOUTOUI.png","datePublished":"2022-09-07T13:20:33+00:00","dateModified":"2022-10-25T21:27:57+00:00","description":"Des outils puissants et captivants au service du d\u00e9veloppement des enfants. Toutoui, un programme de musique et de mouvement efficace.","breadcrumb":{"@id":"https:\/\/toutoui.musicalite.net\/en\/daycares\/#breadcrumb"},"inLanguage":"en-US","potentialAction":[{"@type":"ReadAction","target":["https:\/\/toutoui.musicalite.net\/en\/daycares\/"]}]},{"@type":"ImageObject","inLanguage":"en-US","@id":"https:\/\/toutoui.musicalite.net\/en\/daycares\/#primaryimage","url":"https:\/\/toutoui.musicalite.net\/wp-content\/uploads\/2021\/11\/TOUTOUI.png","contentUrl":"https:\/\/toutoui.musicalite.net\/wp-content\/uploads\/2021\/11\/TOUTOUI.png","width":2124,"height":1701},{"@type":"BreadcrumbList","@id":"https:\/\/toutoui.musicalite.net\/en\/daycares\/#breadcrumb","itemListElement":[{"@type":"ListItem","position":1,"name":"Accueil","item":"https:\/\/toutoui.musicalite.net\/en\/"},{"@type":"ListItem","position":2,"name":"Musicalit\u00e9 Daycares"}]},{"@type":"WebSite","@id":"https:\/\/toutoui.musicalite.net\/#website","url":"https:\/\/toutoui.musicalite.net\/","name":"Toutoui &gt; Plateforme \u00e9ducative","description":"Musicalit\u00e9 en ligne","publisher":{"@id":"https:\/\/toutoui.musicalite.net\/#organization"},"potentialAction":[{"@type":"SearchAction","target":{"@type":"EntryPoint","urlTemplate":"https:\/\/toutoui.musicalite.net\/?s={search_term_string}"},"query-input":{"@type":"PropertyValueSpecification","valueRequired":true,"valueName":"search_term_string"}}],"inLanguage":"en-US"},{"@type":"Organization","@id":"https:\/\/toutoui.musicalite.net\/#organization","name":"Toutoui &gt; Plateforme \u00e9ducative","url":"https:\/\/toutoui.musicalite.net\/","logo":{"@type":"ImageObject","inLanguage":"en-US","@id":"https:\/\/toutoui.musicalite.net\/#\/schema\/logo\/image\/","url":"https:\/\/toutoui.musicalite.net\/wp-content\/uploads\/2022\/09\/cropped-logo-M.001-1-e1662054287241-1.png","contentUrl":"https:\/\/toutoui.musicalite.net\/wp-content\/uploads\/2022\/09\/cropped-logo-M.001-1-e1662054287241-1.png","width":512,"height":217,"caption":"Toutoui &gt; Plateforme \u00e9ducative"},"image":{"@id":"https:\/\/toutoui.musicalite.net\/#\/schema\/logo\/image\/"}}]}},"_links":{"self":[{"href":"https:\/\/toutoui.musicalite.net\/en\/wp-json\/wp\/v2\/pages\/4451","targetHints":{"allow":["GET"]}}],"collection":[{"href":"https:\/\/toutoui.musicalite.net\/en\/wp-json\/wp\/v2\/pages"}],"about":[{"href":"https:\/\/toutoui.musicalite.net\/en\/wp-json\/wp\/v2\/types\/page"}],"author":[{"embeddable":true,"href":"https:\/\/toutoui.musicalite.net\/en\/wp-json\/wp\/v2\/users\/1"}],"replies":[{"embeddable":true,"href":"https:\/\/toutoui.musicalite.net\/en\/wp-json\/wp\/v2\/comments?post=4451"}],"version-history":[{"count":0,"href":"https:\/\/toutoui.musicalite.net\/en\/wp-json\/wp\/v2\/pages\/4451\/revisions"}],"wp:featuredmedia":[{"embeddable":true,"href":"https:\/\/toutoui.musicalite.net\/en\/wp-json\/wp\/v2\/media\/3745"}],"wp:attachment":[{"href":"https:\/\/toutoui.musicalite.net\/en\/wp-json\/wp\/v2\/media?parent=4451"}],"curies":[{"name":"wp","href":"https:\/\/api.w.org\/{rel}","templated":true}]}}