{"id":4521,"date":"2022-09-12T17:47:16","date_gmt":"2022-09-12T21:47:16","guid":{"rendered":"https:\/\/toutoui.musicalite.net\/musicalite-brain-gym\/"},"modified":"2022-10-28T21:54:26","modified_gmt":"2022-10-29T01:54:26","slug":"brain-gym","status":"publish","type":"page","link":"https:\/\/toutoui.musicalite.net\/en\/brain-gym\/","title":{"rendered":"Musicalit\u00e9 &#8211; Brain Gym"},"content":{"rendered":"\n\n\t\t\t\t<img loading=\"lazy\" decoding=\"async\" src=\"https:\/\/toutoui.musicalite.net\/wp-content\/uploads\/2022\/10\/LOGO-EN-INGLES-NUEVO.png\" alt=\"LOGO-EN-INGL\u00c9S-NUEVO\" itemprop=\"image\" height=\"701\" width=\"1780\" title=\"LOGO-EN-INGL\u00c9S-NUEVO\" onerror=\"this.style.display='none'\"  \/>\n\t\t\t\t<img loading=\"lazy\" decoding=\"async\" src=\"https:\/\/toutoui.musicalite.net\/wp-content\/uploads\/2022\/09\/BRAIN-GYM-WEB-254x300.png\" alt=\"BRAIN-GYM-WEB\" itemprop=\"image\" height=\"300\" width=\"254\" title=\"BRAIN-GYM-WEB\" onerror=\"this.style.display='none'\"  \/>\n\t<h2><strong>At Musicalit\u00e9 the Brain Gym\u00ae\u00a0is essential to the musical experience!<\/strong><\/h2>\n\t<p>We propose an enriched Brain Gym\u00ae activity animated through a story. Each group of movements is accompanied by a specific musical piece that helps guide the little ones. This method allows them to enjoy the experience of movement in a playful atmosphere.<\/p>\n<p>Furthermore, the children work on other skills like listening, pulse, and awareness of rhythmic changes in addition to the benefits of the Brain Gym practice.<\/p>\n\t\t\t\t<img loading=\"lazy\" decoding=\"async\" src=\"https:\/\/toutoui.musicalite.net\/wp-content\/uploads\/2022\/09\/Sequence-01.00_07_02_06.Still035.jpg\" alt=\"Sequence 01.00_07_02_06.Still035\" itemprop=\"image\" height=\"1080\" width=\"1920\" title=\"Sequence 01.00_07_02_06.Still035\" onerror=\"this.style.display='none'\"  \/>\n<h1>\n\t\tWhat is Brain Gym\u00ae?\n\t<\/h1>\n\t<p>The <a href=\"https:\/\/www.braingym.com\/\">Brain Gym\u00ae<\/a> exercises are a series of 26 movements. The activities evoke the movements naturally executed during the first years of life when learning to coordinate the eyes, ears, hands, and the whole body. These movements were developed by Paul E. Dennison et Gail E. Dennison.<\/p>\n\t<p>These exercises are based on evidence of the correlation between movement, cognition, and applied learning.<\/p>\n\t\t\t\t<img loading=\"lazy\" decoding=\"async\" src=\"https:\/\/toutoui.musicalite.net\/wp-content\/uploads\/2022\/09\/renard-190221-135.jpg\" alt=\"Positivisme- retour \u00e0 la calme \" itemprop=\"image\" height=\"1365\" width=\"2048\" title=\"brain gym enfants\" onerror=\"this.style.display='none'\"  \/>\n<h1>\n\t\tThe PACE\n\t<\/h1>\n<p>PACE (Positive, Active, Clear &amp; Energetic) exercises, a segment of the BrainGym\u00ae\u00a0movements, are usually done to effectively prepare the children for new learning.<\/p>\n\t\t\t\t<img loading=\"lazy\" decoding=\"async\" src=\"https:\/\/toutoui.musicalite.net\/wp-content\/uploads\/2022\/09\/Sequence-01.00_05_49_23.Still026.jpg\" alt=\"Sequence 01.00_05_49_23.Still026\" itemprop=\"image\" height=\"1075\" width=\"943\" title=\"Sequence 01.00_05_49_23.Still026\" onerror=\"this.style.display='none'\"  \/>\n<h2>\n\t\tThe PACE in pictures\n\t<\/h2>\n\t<p>Follow the sequence of the PACE in the pictures below. You can click on it for a bigger image.<\/p>\n<h1>\n\t\tThe PACE in video \n\t<\/h1>\n<p>Butterflies explore the world that surrounds them. A clown walks through the forest filled with joy and starts to dance! At last, it&#8217;s time to rest: the butterfly closes its eyes and folds its wings.<\/p>\n\t<iframe loading=\"lazy\" title=\"Ecap Musicalite ClownEtPapillon 1\" width=\"500\" height=\"281\" src=\"https:\/\/www.youtube.com\/embed\/jDoW3Fnc8AY?feature=oembed\" frameborder=\"0\" allow=\"accelerometer; autoplay; clipboard-write; encrypted-media; gyroscope; picture-in-picture\" allowfullscreen><\/iframe>\n\t\t\t<a href=\"https:\/\/musicalite.net\/en\/contact\/\" target=\"_blank\" role=\"button\" rel=\"noopener\">\n\t\t\t\t\t\t\tCONTACT us\n\t\t\t\t\t<\/a>\n\n","protected":false},"excerpt":{"rendered":"<p>At Musicalit\u00e9 the Brain Gym\u00ae\u00a0is essential to the musical experience! We propose an enriched Brain Gym\u00ae activity animated through a story. Each group of movements is accompanied by a specific musical piece that helps guide the little ones. This method allows them to enjoy the experience of movement in a playful atmosphere. Furthermore, the children [&hellip;]<\/p>\n","protected":false},"author":1,"featured_media":3745,"parent":0,"menu_order":0,"comment_status":"closed","ping_status":"closed","template":"","meta":{"site-sidebar-layout":"no-sidebar","site-content-layout":"page-builder","ast-site-content-layout":"default","site-content-style":"default","site-sidebar-style":"default","ast-global-header-display":"","ast-banner-title-visibility":"","ast-main-header-display":"","ast-hfb-above-header-display":"","ast-hfb-below-header-display":"","ast-hfb-mobile-header-display":"disabled","site-post-title":"disabled","ast-breadcrumbs-content":"disabled","ast-featured-img":"disabled","footer-sml-layout":"disabled","theme-transparent-header-meta":"default","adv-header-id-meta":"","stick-header-meta":"default","header-above-stick-meta":"","header-main-stick-meta":"","header-below-stick-meta":"","astra-migrate-meta-layouts":"default","ast-page-background-enabled":"default","ast-page-background-meta":{"desktop":{"background-color":"","background-image":"","background-repeat":"repeat","background-position":"center center","background-size":"auto","background-attachment":"scroll","background-type":"","background-media":"","overlay-type":"","overlay-color":"","overlay-opacity":"","overlay-gradient":""},"tablet":{"background-color":"","background-image":"","background-repeat":"repeat","background-position":"center center","background-size":"auto","background-attachment":"scroll","background-type":"","background-media":"","overlay-type":"","overlay-color":"","overlay-opacity":"","overlay-gradient":""},"mobile":{"background-color":"","background-image":"","background-repeat":"repeat","background-position":"center center","background-size":"auto","background-attachment":"scroll","background-type":"","background-media":"","overlay-type":"","overlay-color":"","overlay-opacity":"","overlay-gradient":""}},"ast-content-background-meta":{"desktop":{"background-color":"var(--ast-global-color-5)","background-image":"","background-repeat":"repeat","background-position":"center center","background-size":"auto","background-attachment":"scroll","background-type":"","background-media":"","overlay-type":"","overlay-color":"","overlay-opacity":"","overlay-gradient":""},"tablet":{"background-color":"var(--ast-global-color-5)","background-image":"","background-repeat":"repeat","background-position":"center center","background-size":"auto","background-attachment":"scroll","background-type":"","background-media":"","overlay-type":"","overlay-color":"","overlay-opacity":"","overlay-gradient":""},"mobile":{"background-color":"var(--ast-global-color-5)","background-image":"","background-repeat":"repeat","background-position":"center center","background-size":"auto","background-attachment":"scroll","background-type":"","background-media":"","overlay-type":"","overlay-color":"","overlay-opacity":"","overlay-gradient":""}},"footnotes":""},"class_list":["post-4521","page","type-page","status-publish","has-post-thumbnail","hentry"],"yoast_head":"<!-- This site is optimized with the Yoast SEO plugin v26.4 - https:\/\/yoast.com\/wordpress\/plugins\/seo\/ -->\n<title>Musicalit\u00e9 - Brain Gym - Toutoui &gt; Plateforme \u00e9ducative<\/title>\n<meta name=\"description\" content=\"Des outils puissants et captivants au service du d\u00e9veloppement des enfants. Toutoui, un programme de musique et de mouvement efficace.\" \/>\n<meta name=\"robots\" content=\"index, follow, max-snippet:-1, max-image-preview:large, max-video-preview:-1\" \/>\n<link rel=\"canonical\" href=\"https:\/\/toutoui.musicalite.net\/en\/brain-gym\/\" \/>\n<meta property=\"og:locale\" content=\"en_US\" \/>\n<meta property=\"og:type\" content=\"article\" \/>\n<meta property=\"og:title\" content=\"Musicalit\u00e9 - Brain Gym - Toutoui &gt; Plateforme \u00e9ducative\" \/>\n<meta property=\"og:description\" content=\"Outils puissants et captivants au service du d\u00e9veloppement\" \/>\n<meta property=\"og:url\" content=\"https:\/\/toutoui.musicalite.net\/en\/brain-gym\/\" \/>\n<meta property=\"og:site_name\" content=\"Toutoui &gt; Plateforme \u00e9ducative\" \/>\n<meta property=\"article:modified_time\" content=\"2022-10-29T01:54:26+00:00\" \/>\n<meta property=\"og:image\" content=\"https:\/\/toutoui.musicalite.net\/wp-content\/uploads\/2021\/11\/TOUTOUI.png\" \/>\n\t<meta property=\"og:image:width\" content=\"2124\" \/>\n\t<meta property=\"og:image:height\" content=\"1701\" \/>\n\t<meta property=\"og:image:type\" content=\"image\/png\" \/>\n<meta name=\"twitter:card\" content=\"summary_large_image\" \/>\n<meta name=\"twitter:title\" content=\"Toutoui programme musique et mouvement en ligne pour les enfants de 0 \u00e0 6 ans\" \/>\n<meta name=\"twitter:description\" content=\"Outils puissants et captivants au service du d\u00e9veloppement\" \/>\n<meta name=\"twitter:label1\" content=\"Est. reading time\" \/>\n\t<meta name=\"twitter:data1\" content=\"1 minute\" \/>\n<script type=\"application\/ld+json\" class=\"yoast-schema-graph\">{\"@context\":\"https:\/\/schema.org\",\"@graph\":[{\"@type\":\"WebPage\",\"@id\":\"https:\/\/toutoui.musicalite.net\/en\/brain-gym\/\",\"url\":\"https:\/\/toutoui.musicalite.net\/en\/brain-gym\/\",\"name\":\"Musicalit\u00e9 - Brain Gym - Toutoui &gt; Plateforme \u00e9ducative\",\"isPartOf\":{\"@id\":\"https:\/\/toutoui.musicalite.net\/#website\"},\"primaryImageOfPage\":{\"@id\":\"https:\/\/toutoui.musicalite.net\/en\/brain-gym\/#primaryimage\"},\"image\":{\"@id\":\"https:\/\/toutoui.musicalite.net\/en\/brain-gym\/#primaryimage\"},\"thumbnailUrl\":\"https:\/\/toutoui.musicalite.net\/wp-content\/uploads\/2021\/11\/TOUTOUI.png\",\"datePublished\":\"2022-09-12T21:47:16+00:00\",\"dateModified\":\"2022-10-29T01:54:26+00:00\",\"description\":\"Des outils puissants et captivants au service du d\u00e9veloppement des enfants. Toutoui, un programme de musique et de mouvement efficace.\",\"breadcrumb\":{\"@id\":\"https:\/\/toutoui.musicalite.net\/en\/brain-gym\/#breadcrumb\"},\"inLanguage\":\"en-US\",\"potentialAction\":[{\"@type\":\"ReadAction\",\"target\":[\"https:\/\/toutoui.musicalite.net\/en\/brain-gym\/\"]}]},{\"@type\":\"ImageObject\",\"inLanguage\":\"en-US\",\"@id\":\"https:\/\/toutoui.musicalite.net\/en\/brain-gym\/#primaryimage\",\"url\":\"https:\/\/toutoui.musicalite.net\/wp-content\/uploads\/2021\/11\/TOUTOUI.png\",\"contentUrl\":\"https:\/\/toutoui.musicalite.net\/wp-content\/uploads\/2021\/11\/TOUTOUI.png\",\"width\":2124,\"height\":1701},{\"@type\":\"BreadcrumbList\",\"@id\":\"https:\/\/toutoui.musicalite.net\/en\/brain-gym\/#breadcrumb\",\"itemListElement\":[{\"@type\":\"ListItem\",\"position\":1,\"name\":\"Accueil\",\"item\":\"https:\/\/toutoui.musicalite.net\/en\/\"},{\"@type\":\"ListItem\",\"position\":2,\"name\":\"Musicalit\u00e9 - Brain Gym\"}]},{\"@type\":\"WebSite\",\"@id\":\"https:\/\/toutoui.musicalite.net\/#website\",\"url\":\"https:\/\/toutoui.musicalite.net\/\",\"name\":\"Toutoui &gt; Plateforme \u00e9ducative\",\"description\":\"Musicalit\u00e9 en ligne\",\"publisher\":{\"@id\":\"https:\/\/toutoui.musicalite.net\/#organization\"},\"potentialAction\":[{\"@type\":\"SearchAction\",\"target\":{\"@type\":\"EntryPoint\",\"urlTemplate\":\"https:\/\/toutoui.musicalite.net\/?s={search_term_string}\"},\"query-input\":{\"@type\":\"PropertyValueSpecification\",\"valueRequired\":true,\"valueName\":\"search_term_string\"}}],\"inLanguage\":\"en-US\"},{\"@type\":\"Organization\",\"@id\":\"https:\/\/toutoui.musicalite.net\/#organization\",\"name\":\"Toutoui &gt; Plateforme \u00e9ducative\",\"url\":\"https:\/\/toutoui.musicalite.net\/\",\"logo\":{\"@type\":\"ImageObject\",\"inLanguage\":\"en-US\",\"@id\":\"https:\/\/toutoui.musicalite.net\/#\/schema\/logo\/image\/\",\"url\":\"https:\/\/toutoui.musicalite.net\/wp-content\/uploads\/2022\/09\/cropped-logo-M.001-1-e1662054287241-1.png\",\"contentUrl\":\"https:\/\/toutoui.musicalite.net\/wp-content\/uploads\/2022\/09\/cropped-logo-M.001-1-e1662054287241-1.png\",\"width\":512,\"height\":217,\"caption\":\"Toutoui &gt; Plateforme \u00e9ducative\"},\"image\":{\"@id\":\"https:\/\/toutoui.musicalite.net\/#\/schema\/logo\/image\/\"}}]}<\/script>\n<!-- \/ Yoast SEO plugin. -->","yoast_head_json":{"title":"Musicalit\u00e9 - Brain Gym - Toutoui &gt; Plateforme \u00e9ducative","description":"Des outils puissants et captivants au service du d\u00e9veloppement des enfants. Toutoui, un programme de musique et de mouvement efficace.","robots":{"index":"index","follow":"follow","max-snippet":"max-snippet:-1","max-image-preview":"max-image-preview:large","max-video-preview":"max-video-preview:-1"},"canonical":"https:\/\/toutoui.musicalite.net\/en\/brain-gym\/","og_locale":"en_US","og_type":"article","og_title":"Musicalit\u00e9 - Brain Gym - Toutoui &gt; Plateforme \u00e9ducative","og_description":"Outils puissants et captivants au service du d\u00e9veloppement","og_url":"https:\/\/toutoui.musicalite.net\/en\/brain-gym\/","og_site_name":"Toutoui &gt; Plateforme \u00e9ducative","article_modified_time":"2022-10-29T01:54:26+00:00","og_image":[{"width":2124,"height":1701,"url":"https:\/\/toutoui.musicalite.net\/wp-content\/uploads\/2021\/11\/TOUTOUI.png","type":"image\/png"}],"twitter_card":"summary_large_image","twitter_title":"Toutoui programme musique et mouvement en ligne pour les enfants de 0 \u00e0 6 ans","twitter_description":"Outils puissants et captivants au service du d\u00e9veloppement","twitter_misc":{"Est. reading time":"1 minute"},"schema":{"@context":"https:\/\/schema.org","@graph":[{"@type":"WebPage","@id":"https:\/\/toutoui.musicalite.net\/en\/brain-gym\/","url":"https:\/\/toutoui.musicalite.net\/en\/brain-gym\/","name":"Musicalit\u00e9 - Brain Gym - Toutoui &gt; Plateforme \u00e9ducative","isPartOf":{"@id":"https:\/\/toutoui.musicalite.net\/#website"},"primaryImageOfPage":{"@id":"https:\/\/toutoui.musicalite.net\/en\/brain-gym\/#primaryimage"},"image":{"@id":"https:\/\/toutoui.musicalite.net\/en\/brain-gym\/#primaryimage"},"thumbnailUrl":"https:\/\/toutoui.musicalite.net\/wp-content\/uploads\/2021\/11\/TOUTOUI.png","datePublished":"2022-09-12T21:47:16+00:00","dateModified":"2022-10-29T01:54:26+00:00","description":"Des outils puissants et captivants au service du d\u00e9veloppement des enfants. Toutoui, un programme de musique et de mouvement efficace.","breadcrumb":{"@id":"https:\/\/toutoui.musicalite.net\/en\/brain-gym\/#breadcrumb"},"inLanguage":"en-US","potentialAction":[{"@type":"ReadAction","target":["https:\/\/toutoui.musicalite.net\/en\/brain-gym\/"]}]},{"@type":"ImageObject","inLanguage":"en-US","@id":"https:\/\/toutoui.musicalite.net\/en\/brain-gym\/#primaryimage","url":"https:\/\/toutoui.musicalite.net\/wp-content\/uploads\/2021\/11\/TOUTOUI.png","contentUrl":"https:\/\/toutoui.musicalite.net\/wp-content\/uploads\/2021\/11\/TOUTOUI.png","width":2124,"height":1701},{"@type":"BreadcrumbList","@id":"https:\/\/toutoui.musicalite.net\/en\/brain-gym\/#breadcrumb","itemListElement":[{"@type":"ListItem","position":1,"name":"Accueil","item":"https:\/\/toutoui.musicalite.net\/en\/"},{"@type":"ListItem","position":2,"name":"Musicalit\u00e9 - Brain Gym"}]},{"@type":"WebSite","@id":"https:\/\/toutoui.musicalite.net\/#website","url":"https:\/\/toutoui.musicalite.net\/","name":"Toutoui &gt; Plateforme \u00e9ducative","description":"Musicalit\u00e9 en ligne","publisher":{"@id":"https:\/\/toutoui.musicalite.net\/#organization"},"potentialAction":[{"@type":"SearchAction","target":{"@type":"EntryPoint","urlTemplate":"https:\/\/toutoui.musicalite.net\/?s={search_term_string}"},"query-input":{"@type":"PropertyValueSpecification","valueRequired":true,"valueName":"search_term_string"}}],"inLanguage":"en-US"},{"@type":"Organization","@id":"https:\/\/toutoui.musicalite.net\/#organization","name":"Toutoui &gt; Plateforme \u00e9ducative","url":"https:\/\/toutoui.musicalite.net\/","logo":{"@type":"ImageObject","inLanguage":"en-US","@id":"https:\/\/toutoui.musicalite.net\/#\/schema\/logo\/image\/","url":"https:\/\/toutoui.musicalite.net\/wp-content\/uploads\/2022\/09\/cropped-logo-M.001-1-e1662054287241-1.png","contentUrl":"https:\/\/toutoui.musicalite.net\/wp-content\/uploads\/2022\/09\/cropped-logo-M.001-1-e1662054287241-1.png","width":512,"height":217,"caption":"Toutoui &gt; Plateforme \u00e9ducative"},"image":{"@id":"https:\/\/toutoui.musicalite.net\/#\/schema\/logo\/image\/"}}]}},"_links":{"self":[{"href":"https:\/\/toutoui.musicalite.net\/en\/wp-json\/wp\/v2\/pages\/4521","targetHints":{"allow":["GET"]}}],"collection":[{"href":"https:\/\/toutoui.musicalite.net\/en\/wp-json\/wp\/v2\/pages"}],"about":[{"href":"https:\/\/toutoui.musicalite.net\/en\/wp-json\/wp\/v2\/types\/page"}],"author":[{"embeddable":true,"href":"https:\/\/toutoui.musicalite.net\/en\/wp-json\/wp\/v2\/users\/1"}],"replies":[{"embeddable":true,"href":"https:\/\/toutoui.musicalite.net\/en\/wp-json\/wp\/v2\/comments?post=4521"}],"version-history":[{"count":0,"href":"https:\/\/toutoui.musicalite.net\/en\/wp-json\/wp\/v2\/pages\/4521\/revisions"}],"wp:featuredmedia":[{"embeddable":true,"href":"https:\/\/toutoui.musicalite.net\/en\/wp-json\/wp\/v2\/media\/3745"}],"wp:attachment":[{"href":"https:\/\/toutoui.musicalite.net\/en\/wp-json\/wp\/v2\/media?parent=4521"}],"curies":[{"name":"wp","href":"https:\/\/api.w.org\/{rel}","templated":true}]}}