{"id":5462,"date":"2022-10-19T15:11:06","date_gmt":"2022-10-19T19:11:06","guid":{"rendered":"https:\/\/toutoui.musicalite.net\/musicalite-equipe\/"},"modified":"2022-10-25T16:01:59","modified_gmt":"2022-10-25T20:01:59","slug":"team","status":"publish","type":"page","link":"https:\/\/toutoui.musicalite.net\/en\/team\/","title":{"rendered":"Musicalit\u00e9 &#8211; Team"},"content":{"rendered":"\n\n\t\t\t\t<img loading=\"lazy\" decoding=\"async\" src=\"https:\/\/toutoui.musicalite.net\/wp-content\/uploads\/2022\/10\/LOGO-EN-INGLES-NUEVO.png\" alt=\"LOGO-EN-INGL\u00c9S-NUEVO\" itemprop=\"image\" height=\"701\" width=\"1780\" title=\"LOGO-EN-INGL\u00c9S-NUEVO\" onerror=\"this.style.display='none'\"  \/>\n\t<p>Meet our team!<\/p>\n\t<p>Motivated by the desire to use their talents to contribute\u00a0to a better\u00a0world, our team members weave\u00a0together a wide variety\u00a0of skills to bring our unique program to life\u00a0 \u00a0We promote\u00a0childrens&#8217; development with our special\u00a0mix of diverse musical influences, high quality\u00a0pedagogy, and creativity, all unified with an emphasis on lots of movement.<\/p>\n<p>This is our interdisciplinary team:<\/p>\n\t<ul data-height=\"250\" data-width=\"250\" data-shape=\"circle\">\n\t\t\t\t\t\t\t\t\t\t<li>\n\t\t\t\t\t\t\t\t\t\t\t<img decoding=\"async\" src=\"https:\/\/toutoui.musicalite.net\/wp-content\/uploads\/2022\/10\/IMG_0391-1-300x300.jpg\" alt=\"\"\/>\t\t\t\t\n\t\t\t\t\t\t\t\t\t\t\t\t\t\t\t\t\t\t\t<h3>Juliana <\/h3>\n\t\t\t\t\t\t\t\t\t\t\t<p>Director<\/p>\n\t\t\t\t\t\t\t\t\t\t\t\t\t<\/li>\n\t\t\t\t\t\t\t\t\t\t\t\t\t<\/ul>\n\t\t<h3>Juliana Velez<\/h3>Juliana has a bachelor of Law, a Masters degree in Intellectual Property, and a M.Sc. in Environment and Sustainable Development. Passionate about sport since a young age, she also loves dancing. Mother of two children, she manages Musicalit\u00e9 and strives to maximize the benefits of movement on children&#8217;s development. She is certified in BrainGym\u00ae 101, certified in RMT\u00ae1, 2 &#038; 3. She also has completed training courses by Tamara Chubarosky in language, learning and development.\n\t\t\t\t<a href=\"https:\/\/www.linkedin.com\/in\/juliana-velez-b1318a30\/\" target=\"_blank\" rel=\"noopener\">\t\t\t\t\n\t\t<\/a><a href=\"https:\/\/www.facebook.com\/m.juliana.llinas\" target=\"_blank\" rel=\"noopener\">\t\t\t\t\n\t\t<\/a>\t\t\t\t \n\t<ul data-height=\"250\" data-width=\"250\" data-shape=\"circle\">\n\t\t\t\t\t\t\t\t\t\t<li>\n\t\t\t\t\t\t\t\t\t\t\t<img decoding=\"async\" src=\"https:\/\/toutoui.musicalite.net\/wp-content\/uploads\/2022\/10\/MG_1295_Color-300x300.png\" alt=\"\"\/>\t\t\t\t\n\t\t\t\t\t\t\t\t\t\t\t\t\t\t\t\t\t\t\t<h3>Jhon <\/h3>\n\t\t\t\t\t\t\t\t\t\t\t<p>Producer<\/p>\n\t\t\t\t\t\t\t\t\t\t\t\t\t<\/li>\n\t\t\t\t\t\t\t\t\t\t\t\t\t<\/ul>\n\t\t<h3>Jhon Henao<\/h3>Jhon has a bachelor&#8217;s degree in Industrial Design and AEC in Animation and Special Effects.He is an artistic producer, composer, and children&#8217;s music educator for more than 30 years. John&#8217;s expertise lies in training music ensembles and composing music and activities for children of all ages. He creates the music, the program and the Musicalit\u00e9 pedagogy.  Jhon is also certified in ORFF 1 &#038; 2  and  an active member of Dalcroze Canada, were he has attended multiple courses. Certified in BrainGym\u00ae 101.\t\t\t\t\t\t\t\n\t\t\t\t<a href=\"https:\/\/www.facebook.com\/profile.php?id=100083366885629\" target=\"_blank\" rel=\"noopener\">\t\t\t\t\n\t\t<\/a><a href=\"https:\/\/www.instagram.com\/biacumbit\/\" target=\"_blank\" rel=\"noopener\">\t\t\t\t\n\t\t<\/a>\t\t\t\t \n\t<ul data-height=\"250\" data-width=\"250\" data-shape=\"circle\">\n\t\t\t\t\t\t\t\t\t\t<li>\n\t\t\t\t\t\t\t\t\t\t\t<img decoding=\"async\" src=\"https:\/\/toutoui.musicalite.net\/wp-content\/uploads\/2022\/10\/IMG_0716-300x300.jpg\" alt=\"\"\/>\t\t\t\t\n\t\t\t\t\t\t\t\t\t\t\t\t\t\t\t\t\t\t\t<h3>Christina<\/h3>\n\t\t\t\t\t\t\t\t\t\t\t<p>Musician\/Singer<\/p>\n\t\t\t\t\t\t\t\t\t\t\t\t\t<\/li>\n\t\t\t\t\t\t\t\t\t\t\t\t\t<\/ul>\n\t\t<h3>Christina Belice<\/h3>Christina is a Montr\u00e9al-based guitarist, vocalist, composer, arranger, and band leader of Haitian origin. She has participated in several festivals with her duo Bel and Quinn, which won 9 awards at the Vue sur la rel\u00e8ve festival. She is currently working on a full-length album to follow up on her 2021 EP d\u00e9but Fanm Nan Dife.\t\t\t\t\t\t\t\n\t\t\t\t<a href=\"https:\/\/www.facebook.com\/Facebook.com\/belandquinn\" target=\"_blank\" rel=\"noopener\">\t\t\t\t\n\t\t<\/a><a href=\"https:\/\/www.instagram.com\/bel_quinn\/\" target=\"_blank\" rel=\"noopener\">\t\t\t\t\n\t\t<\/a>\t\t\t\t \n\t<ul data-height=\"250\" data-width=\"250\" data-shape=\"circle\">\n\t\t\t\t\t\t\t\t\t\t<li>\n\t\t\t\t\t\t\t\t\t\t\t<img decoding=\"async\" src=\"https:\/\/toutoui.musicalite.net\/wp-content\/uploads\/2022\/10\/Portrait-Johanne-1-3.jpeg\" alt=\"\"\/>\t\t\t\t\n\t\t\t\t\t\t\t\t\t\t\t\t\t\t\t\t\t\t\t<h3>Johanne<\/h3>\n\t\t\t\t\t\t\t\t\t\t\t<p>French Reviser<\/p>\n\t\t\t\t\t\t\t\t\t\t\t\t\t<\/li>\n\t\t\t\t\t\t\t\t\t\t\t\t\t<\/ul>\n\t\t<h3>Johanne Viel <\/h3>Johanne is an editor, author, and content creator. She holds a Master&#8217;s degree in Literature and has also pursued pedagogical training. She is passionate about language, teaching, and communications\t\t\t\t\t\n\t<ul data-height=\"250\" data-width=\"250\" data-shape=\"circle\">\n\t\t\t\t\t\t\t\t\t\t<li>\n\t\t\t\t\t\t\t\t\t\t\t<img decoding=\"async\" src=\"https:\/\/toutoui.musicalite.net\/wp-content\/uploads\/2022\/10\/IMG_3520-300x300.jpeg\" alt=\"\"\/>\t\t\t\t\n\t\t\t\t\t\t\t\t\t\t\t\t\t\t\t\t\t\t\t<h3>Erin <\/h3>\n\t\t\t\t\t\t\t\t\t\t\t<p>Musician\/English Translator<\/p>\n\t\t\t\t\t\t\t\t\t\t\t\t\t<\/li>\n\t\t\t\t\t\t\t\t\t\t\t\t\t<\/ul>\n\t\t<h3>Erin Smith <\/h3>Born in Vancouver, Canada, Erin developed a love of music, languages, and culture early in life through her experiences travelling and living abroad before settling in Montr\u00e9al. She is a freelance musician (saxophone, clarinet, and flute) who combines her knowledge of diverse musical styles and languages to help make our songs available to a wider audience. She also translates our website and instructional content into English.  \n\t<ul data-height=\"250\" data-width=\"250\" data-shape=\"circle\">\n\t\t\t\t\t\t\t\t\t\t<li>\n\t\t\t\t\t\t\t\t\t\t\t<img decoding=\"async\" src=\"https:\/\/toutoui.musicalite.net\/wp-content\/uploads\/2022\/10\/CAROLINA.jpg\" alt=\"\"\/>\t\t\t\t\n\t\t\t\t\t\t\t\t\t\t\t\t\t\t\t\t\t\t\t<h3>Carolina<\/h3>\n\t\t\t\t\t\t\t\t\t\t\t<p>Graphic Designer &amp; Illustrator<\/p>\n\t\t\t\t\t\t\t\t\t\t\t\t\t<\/li>\n\t\t\t\t\t\t\t\t\t\t\t\t\t<\/ul>\n\t\t<h3>Carolina Bernal<\/h3>Originally from Medellin Columbia, Carolina is a graphic artist and illustrator who devotes herself to projects related to the arts and education. Her love of music and animals make her particularly well-suited to bring our project to life through images.  www.carolitabernal.com\n\t\t\t\t<a href=\"https:\/\/www.instagram.com\/carolitabernal\/\" target=\"_blank\" rel=\"noopener\">\t\t\t\t\n\t\t<\/a><a href=\"\" target=\"_self\" rel=\"noopener\">\t\t\t\t\n\t\t<\/a>\t\t\t\t \n\t<p>Our cherished collaborators play a vital in helping us to make our vision for this program a reality!<\/p>\n\t\t\t<a href=\"https:\/.musicalite.net\/en\/contact\/\" target=\"_blank\" role=\"button\" rel=\"noopener\">\n\t\t\t\t\t\t\tCONTACT US\n\t\t\t\t\t<\/a>\n\n","protected":false},"excerpt":{"rendered":"<p>Meet our team! Motivated by the desire to use their talents to contribute\u00a0to a better\u00a0world, our team members weave\u00a0together a wide variety\u00a0of skills to bring our unique program to life\u00a0 \u00a0We promote\u00a0childrens&#8217; development with our special\u00a0mix of diverse musical influences, high quality\u00a0pedagogy, and creativity, all unified with an emphasis on lots of movement. This is [&hellip;]<\/p>\n","protected":false},"author":1,"featured_media":3745,"parent":0,"menu_order":0,"comment_status":"closed","ping_status":"closed","template":"","meta":{"site-sidebar-layout":"no-sidebar","site-content-layout":"page-builder","ast-site-content-layout":"default","site-content-style":"default","site-sidebar-style":"default","ast-global-header-display":"","ast-banner-title-visibility":"","ast-main-header-display":"","ast-hfb-above-header-display":"","ast-hfb-below-header-display":"","ast-hfb-mobile-header-display":"disabled","site-post-title":"disabled","ast-breadcrumbs-content":"disabled","ast-featured-img":"disabled","footer-sml-layout":"disabled","theme-transparent-header-meta":"default","adv-header-id-meta":"","stick-header-meta":"default","header-above-stick-meta":"","header-main-stick-meta":"","header-below-stick-meta":"","astra-migrate-meta-layouts":"default","ast-page-background-enabled":"default","ast-page-background-meta":{"desktop":{"background-color":"","background-image":"","background-repeat":"repeat","background-position":"center center","background-size":"auto","background-attachment":"scroll","background-type":"","background-media":"","overlay-type":"","overlay-color":"","overlay-opacity":"","overlay-gradient":""},"tablet":{"background-color":"","background-image":"","background-repeat":"repeat","background-position":"center center","background-size":"auto","background-attachment":"scroll","background-type":"","background-media":"","overlay-type":"","overlay-color":"","overlay-opacity":"","overlay-gradient":""},"mobile":{"background-color":"","background-image":"","background-repeat":"repeat","background-position":"center center","background-size":"auto","background-attachment":"scroll","background-type":"","background-media":"","overlay-type":"","overlay-color":"","overlay-opacity":"","overlay-gradient":""}},"ast-content-background-meta":{"desktop":{"background-color":"var(--ast-global-color-5)","background-image":"","background-repeat":"repeat","background-position":"center center","background-size":"auto","background-attachment":"scroll","background-type":"","background-media":"","overlay-type":"","overlay-color":"","overlay-opacity":"","overlay-gradient":""},"tablet":{"background-color":"var(--ast-global-color-5)","background-image":"","background-repeat":"repeat","background-position":"center center","background-size":"auto","background-attachment":"scroll","background-type":"","background-media":"","overlay-type":"","overlay-color":"","overlay-opacity":"","overlay-gradient":""},"mobile":{"background-color":"var(--ast-global-color-5)","background-image":"","background-repeat":"repeat","background-position":"center center","background-size":"auto","background-attachment":"scroll","background-type":"","background-media":"","overlay-type":"","overlay-color":"","overlay-opacity":"","overlay-gradient":""}},"footnotes":""},"class_list":["post-5462","page","type-page","status-publish","has-post-thumbnail","hentry"],"yoast_head":"<!-- This site is optimized with the Yoast SEO plugin v26.4 - https:\/\/yoast.com\/wordpress\/plugins\/seo\/ -->\n<title>Musicalit\u00e9 - Team - Toutoui &gt; Plateforme \u00e9ducative<\/title>\n<meta name=\"description\" content=\"Des outils puissants et captivants au service du d\u00e9veloppement des enfants. Toutoui, un programme de musique et de mouvement efficace.\" \/>\n<meta name=\"robots\" content=\"index, follow, max-snippet:-1, max-image-preview:large, max-video-preview:-1\" \/>\n<link rel=\"canonical\" href=\"https:\/\/toutoui.musicalite.net\/en\/team\/\" \/>\n<meta property=\"og:locale\" content=\"en_US\" \/>\n<meta property=\"og:type\" content=\"article\" \/>\n<meta property=\"og:title\" content=\"Musicalit\u00e9 - Team - Toutoui &gt; Plateforme \u00e9ducative\" \/>\n<meta property=\"og:description\" content=\"Outils puissants et captivants au service du d\u00e9veloppement\" \/>\n<meta property=\"og:url\" content=\"https:\/\/toutoui.musicalite.net\/en\/team\/\" \/>\n<meta property=\"og:site_name\" content=\"Toutoui &gt; Plateforme \u00e9ducative\" \/>\n<meta property=\"article:modified_time\" content=\"2022-10-25T20:01:59+00:00\" \/>\n<meta property=\"og:image\" content=\"https:\/\/toutoui.musicalite.net\/wp-content\/uploads\/2021\/11\/TOUTOUI.png\" \/>\n\t<meta property=\"og:image:width\" content=\"2124\" \/>\n\t<meta property=\"og:image:height\" content=\"1701\" \/>\n\t<meta property=\"og:image:type\" content=\"image\/png\" \/>\n<meta name=\"twitter:card\" content=\"summary_large_image\" \/>\n<meta name=\"twitter:title\" content=\"Toutoui programme musique et mouvement en ligne pour les enfants de 0 \u00e0 6 ans\" \/>\n<meta name=\"twitter:description\" content=\"Outils puissants et captivants au service du d\u00e9veloppement\" \/>\n<meta name=\"twitter:label1\" content=\"Est. reading time\" \/>\n\t<meta name=\"twitter:data1\" content=\"2 minutes\" \/>\n<script type=\"application\/ld+json\" class=\"yoast-schema-graph\">{\"@context\":\"https:\/\/schema.org\",\"@graph\":[{\"@type\":\"WebPage\",\"@id\":\"https:\/\/toutoui.musicalite.net\/en\/team\/\",\"url\":\"https:\/\/toutoui.musicalite.net\/en\/team\/\",\"name\":\"Musicalit\u00e9 - Team - Toutoui &gt; Plateforme \u00e9ducative\",\"isPartOf\":{\"@id\":\"https:\/\/toutoui.musicalite.net\/#website\"},\"primaryImageOfPage\":{\"@id\":\"https:\/\/toutoui.musicalite.net\/en\/team\/#primaryimage\"},\"image\":{\"@id\":\"https:\/\/toutoui.musicalite.net\/en\/team\/#primaryimage\"},\"thumbnailUrl\":\"https:\/\/toutoui.musicalite.net\/wp-content\/uploads\/2021\/11\/TOUTOUI.png\",\"datePublished\":\"2022-10-19T19:11:06+00:00\",\"dateModified\":\"2022-10-25T20:01:59+00:00\",\"description\":\"Des outils puissants et captivants au service du d\u00e9veloppement des enfants. Toutoui, un programme de musique et de mouvement efficace.\",\"breadcrumb\":{\"@id\":\"https:\/\/toutoui.musicalite.net\/en\/team\/#breadcrumb\"},\"inLanguage\":\"en-US\",\"potentialAction\":[{\"@type\":\"ReadAction\",\"target\":[\"https:\/\/toutoui.musicalite.net\/en\/team\/\"]}]},{\"@type\":\"ImageObject\",\"inLanguage\":\"en-US\",\"@id\":\"https:\/\/toutoui.musicalite.net\/en\/team\/#primaryimage\",\"url\":\"https:\/\/toutoui.musicalite.net\/wp-content\/uploads\/2021\/11\/TOUTOUI.png\",\"contentUrl\":\"https:\/\/toutoui.musicalite.net\/wp-content\/uploads\/2021\/11\/TOUTOUI.png\",\"width\":2124,\"height\":1701},{\"@type\":\"BreadcrumbList\",\"@id\":\"https:\/\/toutoui.musicalite.net\/en\/team\/#breadcrumb\",\"itemListElement\":[{\"@type\":\"ListItem\",\"position\":1,\"name\":\"Accueil\",\"item\":\"https:\/\/toutoui.musicalite.net\/en\/\"},{\"@type\":\"ListItem\",\"position\":2,\"name\":\"Musicalit\u00e9 - Team\"}]},{\"@type\":\"WebSite\",\"@id\":\"https:\/\/toutoui.musicalite.net\/#website\",\"url\":\"https:\/\/toutoui.musicalite.net\/\",\"name\":\"Toutoui &gt; Plateforme \u00e9ducative\",\"description\":\"Musicalit\u00e9 en ligne\",\"publisher\":{\"@id\":\"https:\/\/toutoui.musicalite.net\/#organization\"},\"potentialAction\":[{\"@type\":\"SearchAction\",\"target\":{\"@type\":\"EntryPoint\",\"urlTemplate\":\"https:\/\/toutoui.musicalite.net\/?s={search_term_string}\"},\"query-input\":{\"@type\":\"PropertyValueSpecification\",\"valueRequired\":true,\"valueName\":\"search_term_string\"}}],\"inLanguage\":\"en-US\"},{\"@type\":\"Organization\",\"@id\":\"https:\/\/toutoui.musicalite.net\/#organization\",\"name\":\"Toutoui &gt; Plateforme \u00e9ducative\",\"url\":\"https:\/\/toutoui.musicalite.net\/\",\"logo\":{\"@type\":\"ImageObject\",\"inLanguage\":\"en-US\",\"@id\":\"https:\/\/toutoui.musicalite.net\/#\/schema\/logo\/image\/\",\"url\":\"https:\/\/toutoui.musicalite.net\/wp-content\/uploads\/2022\/09\/cropped-logo-M.001-1-e1662054287241-1.png\",\"contentUrl\":\"https:\/\/toutoui.musicalite.net\/wp-content\/uploads\/2022\/09\/cropped-logo-M.001-1-e1662054287241-1.png\",\"width\":512,\"height\":217,\"caption\":\"Toutoui &gt; Plateforme \u00e9ducative\"},\"image\":{\"@id\":\"https:\/\/toutoui.musicalite.net\/#\/schema\/logo\/image\/\"}}]}<\/script>\n<!-- \/ Yoast SEO plugin. -->","yoast_head_json":{"title":"Musicalit\u00e9 - Team - Toutoui &gt; Plateforme \u00e9ducative","description":"Des outils puissants et captivants au service du d\u00e9veloppement des enfants. Toutoui, un programme de musique et de mouvement efficace.","robots":{"index":"index","follow":"follow","max-snippet":"max-snippet:-1","max-image-preview":"max-image-preview:large","max-video-preview":"max-video-preview:-1"},"canonical":"https:\/\/toutoui.musicalite.net\/en\/team\/","og_locale":"en_US","og_type":"article","og_title":"Musicalit\u00e9 - Team - Toutoui &gt; Plateforme \u00e9ducative","og_description":"Outils puissants et captivants au service du d\u00e9veloppement","og_url":"https:\/\/toutoui.musicalite.net\/en\/team\/","og_site_name":"Toutoui &gt; Plateforme \u00e9ducative","article_modified_time":"2022-10-25T20:01:59+00:00","og_image":[{"width":2124,"height":1701,"url":"https:\/\/toutoui.musicalite.net\/wp-content\/uploads\/2021\/11\/TOUTOUI.png","type":"image\/png"}],"twitter_card":"summary_large_image","twitter_title":"Toutoui programme musique et mouvement en ligne pour les enfants de 0 \u00e0 6 ans","twitter_description":"Outils puissants et captivants au service du d\u00e9veloppement","twitter_misc":{"Est. reading time":"2 minutes"},"schema":{"@context":"https:\/\/schema.org","@graph":[{"@type":"WebPage","@id":"https:\/\/toutoui.musicalite.net\/en\/team\/","url":"https:\/\/toutoui.musicalite.net\/en\/team\/","name":"Musicalit\u00e9 - Team - Toutoui &gt; Plateforme \u00e9ducative","isPartOf":{"@id":"https:\/\/toutoui.musicalite.net\/#website"},"primaryImageOfPage":{"@id":"https:\/\/toutoui.musicalite.net\/en\/team\/#primaryimage"},"image":{"@id":"https:\/\/toutoui.musicalite.net\/en\/team\/#primaryimage"},"thumbnailUrl":"https:\/\/toutoui.musicalite.net\/wp-content\/uploads\/2021\/11\/TOUTOUI.png","datePublished":"2022-10-19T19:11:06+00:00","dateModified":"2022-10-25T20:01:59+00:00","description":"Des outils puissants et captivants au service du d\u00e9veloppement des enfants. Toutoui, un programme de musique et de mouvement efficace.","breadcrumb":{"@id":"https:\/\/toutoui.musicalite.net\/en\/team\/#breadcrumb"},"inLanguage":"en-US","potentialAction":[{"@type":"ReadAction","target":["https:\/\/toutoui.musicalite.net\/en\/team\/"]}]},{"@type":"ImageObject","inLanguage":"en-US","@id":"https:\/\/toutoui.musicalite.net\/en\/team\/#primaryimage","url":"https:\/\/toutoui.musicalite.net\/wp-content\/uploads\/2021\/11\/TOUTOUI.png","contentUrl":"https:\/\/toutoui.musicalite.net\/wp-content\/uploads\/2021\/11\/TOUTOUI.png","width":2124,"height":1701},{"@type":"BreadcrumbList","@id":"https:\/\/toutoui.musicalite.net\/en\/team\/#breadcrumb","itemListElement":[{"@type":"ListItem","position":1,"name":"Accueil","item":"https:\/\/toutoui.musicalite.net\/en\/"},{"@type":"ListItem","position":2,"name":"Musicalit\u00e9 - Team"}]},{"@type":"WebSite","@id":"https:\/\/toutoui.musicalite.net\/#website","url":"https:\/\/toutoui.musicalite.net\/","name":"Toutoui &gt; Plateforme \u00e9ducative","description":"Musicalit\u00e9 en ligne","publisher":{"@id":"https:\/\/toutoui.musicalite.net\/#organization"},"potentialAction":[{"@type":"SearchAction","target":{"@type":"EntryPoint","urlTemplate":"https:\/\/toutoui.musicalite.net\/?s={search_term_string}"},"query-input":{"@type":"PropertyValueSpecification","valueRequired":true,"valueName":"search_term_string"}}],"inLanguage":"en-US"},{"@type":"Organization","@id":"https:\/\/toutoui.musicalite.net\/#organization","name":"Toutoui &gt; Plateforme \u00e9ducative","url":"https:\/\/toutoui.musicalite.net\/","logo":{"@type":"ImageObject","inLanguage":"en-US","@id":"https:\/\/toutoui.musicalite.net\/#\/schema\/logo\/image\/","url":"https:\/\/toutoui.musicalite.net\/wp-content\/uploads\/2022\/09\/cropped-logo-M.001-1-e1662054287241-1.png","contentUrl":"https:\/\/toutoui.musicalite.net\/wp-content\/uploads\/2022\/09\/cropped-logo-M.001-1-e1662054287241-1.png","width":512,"height":217,"caption":"Toutoui &gt; Plateforme \u00e9ducative"},"image":{"@id":"https:\/\/toutoui.musicalite.net\/#\/schema\/logo\/image\/"}}]}},"_links":{"self":[{"href":"https:\/\/toutoui.musicalite.net\/en\/wp-json\/wp\/v2\/pages\/5462","targetHints":{"allow":["GET"]}}],"collection":[{"href":"https:\/\/toutoui.musicalite.net\/en\/wp-json\/wp\/v2\/pages"}],"about":[{"href":"https:\/\/toutoui.musicalite.net\/en\/wp-json\/wp\/v2\/types\/page"}],"author":[{"embeddable":true,"href":"https:\/\/toutoui.musicalite.net\/en\/wp-json\/wp\/v2\/users\/1"}],"replies":[{"embeddable":true,"href":"https:\/\/toutoui.musicalite.net\/en\/wp-json\/wp\/v2\/comments?post=5462"}],"version-history":[{"count":0,"href":"https:\/\/toutoui.musicalite.net\/en\/wp-json\/wp\/v2\/pages\/5462\/revisions"}],"wp:featuredmedia":[{"embeddable":true,"href":"https:\/\/toutoui.musicalite.net\/en\/wp-json\/wp\/v2\/media\/3745"}],"wp:attachment":[{"href":"https:\/\/toutoui.musicalite.net\/en\/wp-json\/wp\/v2\/media?parent=5462"}],"curies":[{"name":"wp","href":"https:\/\/api.w.org\/{rel}","templated":true}]}}