{"id":5463,"date":"2022-10-19T15:27:54","date_gmt":"2022-10-19T19:27:54","guid":{"rendered":"https:\/\/toutoui.musicalite.net\/musicalite-musique-pour-enfants\/"},"modified":"2022-10-25T15:06:27","modified_gmt":"2022-10-25T19:06:27","slug":"music-for-children","status":"publish","type":"page","link":"https:\/\/toutoui.musicalite.net\/en\/music-for-children\/","title":{"rendered":"Musicalit\u00e9 &#8211; Music for Children"},"content":{"rendered":"\n\n\t\t\t\t<img loading=\"lazy\" decoding=\"async\" src=\"https:\/\/toutoui.musicalite.net\/wp-content\/uploads\/2022\/10\/LOGO-EN-INGLES-NUEVO.png\" alt=\"LOGO-EN-INGL\u00c9S-NUEVO\" itemprop=\"image\" height=\"701\" width=\"1780\" title=\"LOGO-EN-INGL\u00c9S-NUEVO\" onerror=\"this.style.display='none'\"  \/>\n\t\t\t\t<img loading=\"lazy\" decoding=\"async\" src=\"https:\/\/toutoui.musicalite.net\/wp-content\/uploads\/2022\/09\/musica.png\" alt=\"m\u00fasica\" itemprop=\"image\" height=\"250\" width=\"290\" title=\"m\u00fasica\" onerror=\"this.style.display='none'\"  \/>\n\t<p>Music created for children!<\/p>\n<h1>\n\t\tDISCOGRAPHY\n\t<\/h1>\n\tWe compose our\u00a0music\u00a0and create our activities in order to offer a unique learning experience filled with fun, movement, singing, and dancing.\u00a0We also aim to provide children with the opportunity to recognize themselves in a diverse world.<br \/>\nWhat better way to build bridges than through music?<br \/>\nDive into this universe that is also beneficial and\u00a0enjoyable for you!\n\t\t\t\t<img decoding=\"async\" src=\"https:\/\/toutoui.musicalite.net\/wp-content\/uploads\/2022\/10\/Propuestas_v4_ENG_mas-grande_4-400x400-1.png\" alt=\"music for children\" title=\"music for children\" itemprop=\"image\"\/>\n\t\t\t\t\t\t<p>These 12 songs composed with a variety of rhythmic and cultural influences inspire\u00a0us to dance and celebrate life!\u00a0<\/p>\t\t\t\t\t\n\t\t\t<!-- END .front -->\n\t\t\t\t\t\t\t\t\t\t<h2>Tropicality<\/h2>\n\t\t\t\t\t\t<p><strong>Author &amp; Composer:\u00a0<\/strong>Jhon Henao<strong>Singer:\u00a0<\/strong>Christina B\u00e9lice<br \/><strong>Sings in Do Re Mi\u00a0:\u00a0<\/strong>Sara Luz Gagn\u00e9<br \/><strong>Young\u00a0voices:<\/strong>\u00a0Candela del Mar &amp; Luciano Henao<br \/><strong>Basse: <\/strong>Jairo Gomez<br \/><strong>Art:\u00a0<\/strong>Juan Camilo Palacio<strong>Published in April 2021<\/strong>TO KNOW MORE CLICK<a href=\"https:\/\/musicalite.net\/en\/release\/kidsmusic\/\" target=\"_blank\" rel=\"noopener\"><strong>\u00a0HERE<\/strong><\/a><\/p>\t\t\t\t\t\n\t\t\t<!-- END .back -->\n\t\t <!-- ifb-flip-box -->\n\t <!-- flip-box -->\n\t\t\t\t<img decoding=\"async\" src=\"https:\/\/toutoui.musicalite.net\/wp-content\/uploads\/2022\/10\/caratula-en.jpg\" alt=\"car\u00e1tula en\" title=\"car\u00e1tula en\" itemprop=\"image\"\/>\n\t\t\t\t\t\t<p>Included\u00a0are 14\u00a0songs from our program available on the\u00a0<strong><a href=\"https:\/\/toutoui.musicalite.net\/en\/\" target=\"_blank\" rel=\"noopener\">Toutoui\u00a0platform<\/a><\/strong>. Participants enter\u00a0a\u00a0world of imagination and fun where\u00a0they encounter elements\u00a0of nature such as leaves and rain as well as fantastical characters like giants. The activities are performed to a variety of contemporary electroacoustic music selections.<\/p>\t\t\t\t\t\n\t\t\t<!-- END .front -->\n\t\t\t\t\t\t\t\t\t\t<h2>Leaves and Drops<\/h2>\n\t\t\t\t\t\t<p><strong>Author &amp; Composer:\u00a0<\/strong>Jhon Henao<br \/><strong>Singer :\u00a0<\/strong>Christina B\u00e9lice<strong>Basse: <\/strong>Jairo Gomez<br \/><strong>Art:\u00a0<\/strong>Carolina Bernal<strong>Published in November 2021<\/strong><br \/>TO KNOW MORE CLICK\u00a0<a href=\"https:\/\/musicalite.net\/en\/release\/leaves-and-drops\/\" target=\"_blank\" rel=\"noopener\">HERE<\/a><\/p>\t\t\t\t\t\n\t\t\t<!-- END .back -->\n\t\t <!-- ifb-flip-box -->\n\t <!-- flip-box -->\n\t<p>To listen to our music choose the platform of choice\u00a0<a href=\"https:\/\/ffm.to\/musicalite\" target=\"_blank\" rel=\"noopener\">here!<\/a><\/p>\n\n","protected":false},"excerpt":{"rendered":"<p>Music created for children! DISCOGRAPHY We compose our\u00a0music\u00a0and create our activities in order to offer a unique learning experience filled with fun, movement, singing, and dancing.\u00a0We also aim to provide children with the opportunity to recognize themselves in a diverse world. What better way to build bridges than through music? Dive into this universe that [&hellip;]<\/p>\n","protected":false},"author":1,"featured_media":3745,"parent":0,"menu_order":0,"comment_status":"closed","ping_status":"closed","template":"","meta":{"site-sidebar-layout":"no-sidebar","site-content-layout":"page-builder","ast-site-content-layout":"default","site-content-style":"default","site-sidebar-style":"default","ast-global-header-display":"","ast-banner-title-visibility":"","ast-main-header-display":"","ast-hfb-above-header-display":"","ast-hfb-below-header-display":"","ast-hfb-mobile-header-display":"disabled","site-post-title":"disabled","ast-breadcrumbs-content":"disabled","ast-featured-img":"disabled","footer-sml-layout":"disabled","theme-transparent-header-meta":"default","adv-header-id-meta":"","stick-header-meta":"default","header-above-stick-meta":"","header-main-stick-meta":"","header-below-stick-meta":"","astra-migrate-meta-layouts":"default","ast-page-background-enabled":"default","ast-page-background-meta":{"desktop":{"background-color":"","background-image":"","background-repeat":"repeat","background-position":"center center","background-size":"auto","background-attachment":"scroll","background-type":"","background-media":"","overlay-type":"","overlay-color":"","overlay-opacity":"","overlay-gradient":""},"tablet":{"background-color":"","background-image":"","background-repeat":"repeat","background-position":"center center","background-size":"auto","background-attachment":"scroll","background-type":"","background-media":"","overlay-type":"","overlay-color":"","overlay-opacity":"","overlay-gradient":""},"mobile":{"background-color":"","background-image":"","background-repeat":"repeat","background-position":"center center","background-size":"auto","background-attachment":"scroll","background-type":"","background-media":"","overlay-type":"","overlay-color":"","overlay-opacity":"","overlay-gradient":""}},"ast-content-background-meta":{"desktop":{"background-color":"var(--ast-global-color-5)","background-image":"","background-repeat":"repeat","background-position":"center center","background-size":"auto","background-attachment":"scroll","background-type":"","background-media":"","overlay-type":"","overlay-color":"","overlay-opacity":"","overlay-gradient":""},"tablet":{"background-color":"var(--ast-global-color-5)","background-image":"","background-repeat":"repeat","background-position":"center center","background-size":"auto","background-attachment":"scroll","background-type":"","background-media":"","overlay-type":"","overlay-color":"","overlay-opacity":"","overlay-gradient":""},"mobile":{"background-color":"var(--ast-global-color-5)","background-image":"","background-repeat":"repeat","background-position":"center center","background-size":"auto","background-attachment":"scroll","background-type":"","background-media":"","overlay-type":"","overlay-color":"","overlay-opacity":"","overlay-gradient":""}},"footnotes":""},"class_list":["post-5463","page","type-page","status-publish","has-post-thumbnail","hentry"],"yoast_head":"<!-- This site is optimized with the Yoast SEO plugin v26.4 - https:\/\/yoast.com\/wordpress\/plugins\/seo\/ -->\n<title>Musicalit\u00e9 - Music for Children - Toutoui &gt; Plateforme \u00e9ducative<\/title>\n<meta name=\"description\" content=\"Des outils puissants et captivants au service du d\u00e9veloppement des enfants. Toutoui, un programme de musique et de mouvement efficace.\" \/>\n<meta name=\"robots\" content=\"index, follow, max-snippet:-1, max-image-preview:large, max-video-preview:-1\" \/>\n<link rel=\"canonical\" href=\"https:\/\/toutoui.musicalite.net\/en\/music-for-children\/\" \/>\n<meta property=\"og:locale\" content=\"en_US\" \/>\n<meta property=\"og:type\" content=\"article\" \/>\n<meta property=\"og:title\" content=\"Musicalit\u00e9 - Music for Children - Toutoui &gt; Plateforme \u00e9ducative\" \/>\n<meta property=\"og:description\" content=\"Outils puissants et captivants au service du d\u00e9veloppement\" \/>\n<meta property=\"og:url\" content=\"https:\/\/toutoui.musicalite.net\/en\/music-for-children\/\" \/>\n<meta property=\"og:site_name\" content=\"Toutoui &gt; Plateforme \u00e9ducative\" \/>\n<meta property=\"article:modified_time\" content=\"2022-10-25T19:06:27+00:00\" \/>\n<meta property=\"og:image\" content=\"https:\/\/toutoui.musicalite.net\/wp-content\/uploads\/2021\/11\/TOUTOUI.png\" \/>\n\t<meta property=\"og:image:width\" content=\"2124\" \/>\n\t<meta property=\"og:image:height\" content=\"1701\" \/>\n\t<meta property=\"og:image:type\" content=\"image\/png\" \/>\n<meta name=\"twitter:card\" content=\"summary_large_image\" \/>\n<meta name=\"twitter:title\" content=\"Toutoui programme musique et mouvement en ligne pour les enfants de 0 \u00e0 6 ans\" \/>\n<meta name=\"twitter:description\" content=\"Outils puissants et captivants au service du d\u00e9veloppement\" \/>\n<meta name=\"twitter:label1\" content=\"Est. reading time\" \/>\n\t<meta name=\"twitter:data1\" content=\"1 minute\" \/>\n<script type=\"application\/ld+json\" class=\"yoast-schema-graph\">{\"@context\":\"https:\/\/schema.org\",\"@graph\":[{\"@type\":\"WebPage\",\"@id\":\"https:\/\/toutoui.musicalite.net\/en\/music-for-children\/\",\"url\":\"https:\/\/toutoui.musicalite.net\/en\/music-for-children\/\",\"name\":\"Musicalit\u00e9 - Music for Children - Toutoui &gt; Plateforme \u00e9ducative\",\"isPartOf\":{\"@id\":\"https:\/\/toutoui.musicalite.net\/#website\"},\"primaryImageOfPage\":{\"@id\":\"https:\/\/toutoui.musicalite.net\/en\/music-for-children\/#primaryimage\"},\"image\":{\"@id\":\"https:\/\/toutoui.musicalite.net\/en\/music-for-children\/#primaryimage\"},\"thumbnailUrl\":\"https:\/\/toutoui.musicalite.net\/wp-content\/uploads\/2021\/11\/TOUTOUI.png\",\"datePublished\":\"2022-10-19T19:27:54+00:00\",\"dateModified\":\"2022-10-25T19:06:27+00:00\",\"description\":\"Des outils puissants et captivants au service du d\u00e9veloppement des enfants. Toutoui, un programme de musique et de mouvement efficace.\",\"breadcrumb\":{\"@id\":\"https:\/\/toutoui.musicalite.net\/en\/music-for-children\/#breadcrumb\"},\"inLanguage\":\"en-US\",\"potentialAction\":[{\"@type\":\"ReadAction\",\"target\":[\"https:\/\/toutoui.musicalite.net\/en\/music-for-children\/\"]}]},{\"@type\":\"ImageObject\",\"inLanguage\":\"en-US\",\"@id\":\"https:\/\/toutoui.musicalite.net\/en\/music-for-children\/#primaryimage\",\"url\":\"https:\/\/toutoui.musicalite.net\/wp-content\/uploads\/2021\/11\/TOUTOUI.png\",\"contentUrl\":\"https:\/\/toutoui.musicalite.net\/wp-content\/uploads\/2021\/11\/TOUTOUI.png\",\"width\":2124,\"height\":1701},{\"@type\":\"BreadcrumbList\",\"@id\":\"https:\/\/toutoui.musicalite.net\/en\/music-for-children\/#breadcrumb\",\"itemListElement\":[{\"@type\":\"ListItem\",\"position\":1,\"name\":\"Accueil\",\"item\":\"https:\/\/toutoui.musicalite.net\/en\/\"},{\"@type\":\"ListItem\",\"position\":2,\"name\":\"Musicalit\u00e9 - Music for Children\"}]},{\"@type\":\"WebSite\",\"@id\":\"https:\/\/toutoui.musicalite.net\/#website\",\"url\":\"https:\/\/toutoui.musicalite.net\/\",\"name\":\"Toutoui &gt; Plateforme \u00e9ducative\",\"description\":\"Musicalit\u00e9 en ligne\",\"publisher\":{\"@id\":\"https:\/\/toutoui.musicalite.net\/#organization\"},\"potentialAction\":[{\"@type\":\"SearchAction\",\"target\":{\"@type\":\"EntryPoint\",\"urlTemplate\":\"https:\/\/toutoui.musicalite.net\/?s={search_term_string}\"},\"query-input\":{\"@type\":\"PropertyValueSpecification\",\"valueRequired\":true,\"valueName\":\"search_term_string\"}}],\"inLanguage\":\"en-US\"},{\"@type\":\"Organization\",\"@id\":\"https:\/\/toutoui.musicalite.net\/#organization\",\"name\":\"Toutoui &gt; Plateforme \u00e9ducative\",\"url\":\"https:\/\/toutoui.musicalite.net\/\",\"logo\":{\"@type\":\"ImageObject\",\"inLanguage\":\"en-US\",\"@id\":\"https:\/\/toutoui.musicalite.net\/#\/schema\/logo\/image\/\",\"url\":\"https:\/\/toutoui.musicalite.net\/wp-content\/uploads\/2022\/09\/cropped-logo-M.001-1-e1662054287241-1.png\",\"contentUrl\":\"https:\/\/toutoui.musicalite.net\/wp-content\/uploads\/2022\/09\/cropped-logo-M.001-1-e1662054287241-1.png\",\"width\":512,\"height\":217,\"caption\":\"Toutoui &gt; Plateforme \u00e9ducative\"},\"image\":{\"@id\":\"https:\/\/toutoui.musicalite.net\/#\/schema\/logo\/image\/\"}}]}<\/script>\n<!-- \/ Yoast SEO plugin. -->","yoast_head_json":{"title":"Musicalit\u00e9 - Music for Children - Toutoui &gt; Plateforme \u00e9ducative","description":"Des outils puissants et captivants au service du d\u00e9veloppement des enfants. Toutoui, un programme de musique et de mouvement efficace.","robots":{"index":"index","follow":"follow","max-snippet":"max-snippet:-1","max-image-preview":"max-image-preview:large","max-video-preview":"max-video-preview:-1"},"canonical":"https:\/\/toutoui.musicalite.net\/en\/music-for-children\/","og_locale":"en_US","og_type":"article","og_title":"Musicalit\u00e9 - Music for Children - Toutoui &gt; Plateforme \u00e9ducative","og_description":"Outils puissants et captivants au service du d\u00e9veloppement","og_url":"https:\/\/toutoui.musicalite.net\/en\/music-for-children\/","og_site_name":"Toutoui &gt; Plateforme \u00e9ducative","article_modified_time":"2022-10-25T19:06:27+00:00","og_image":[{"width":2124,"height":1701,"url":"https:\/\/toutoui.musicalite.net\/wp-content\/uploads\/2021\/11\/TOUTOUI.png","type":"image\/png"}],"twitter_card":"summary_large_image","twitter_title":"Toutoui programme musique et mouvement en ligne pour les enfants de 0 \u00e0 6 ans","twitter_description":"Outils puissants et captivants au service du d\u00e9veloppement","twitter_misc":{"Est. reading time":"1 minute"},"schema":{"@context":"https:\/\/schema.org","@graph":[{"@type":"WebPage","@id":"https:\/\/toutoui.musicalite.net\/en\/music-for-children\/","url":"https:\/\/toutoui.musicalite.net\/en\/music-for-children\/","name":"Musicalit\u00e9 - Music for Children - Toutoui &gt; Plateforme \u00e9ducative","isPartOf":{"@id":"https:\/\/toutoui.musicalite.net\/#website"},"primaryImageOfPage":{"@id":"https:\/\/toutoui.musicalite.net\/en\/music-for-children\/#primaryimage"},"image":{"@id":"https:\/\/toutoui.musicalite.net\/en\/music-for-children\/#primaryimage"},"thumbnailUrl":"https:\/\/toutoui.musicalite.net\/wp-content\/uploads\/2021\/11\/TOUTOUI.png","datePublished":"2022-10-19T19:27:54+00:00","dateModified":"2022-10-25T19:06:27+00:00","description":"Des outils puissants et captivants au service du d\u00e9veloppement des enfants. Toutoui, un programme de musique et de mouvement efficace.","breadcrumb":{"@id":"https:\/\/toutoui.musicalite.net\/en\/music-for-children\/#breadcrumb"},"inLanguage":"en-US","potentialAction":[{"@type":"ReadAction","target":["https:\/\/toutoui.musicalite.net\/en\/music-for-children\/"]}]},{"@type":"ImageObject","inLanguage":"en-US","@id":"https:\/\/toutoui.musicalite.net\/en\/music-for-children\/#primaryimage","url":"https:\/\/toutoui.musicalite.net\/wp-content\/uploads\/2021\/11\/TOUTOUI.png","contentUrl":"https:\/\/toutoui.musicalite.net\/wp-content\/uploads\/2021\/11\/TOUTOUI.png","width":2124,"height":1701},{"@type":"BreadcrumbList","@id":"https:\/\/toutoui.musicalite.net\/en\/music-for-children\/#breadcrumb","itemListElement":[{"@type":"ListItem","position":1,"name":"Accueil","item":"https:\/\/toutoui.musicalite.net\/en\/"},{"@type":"ListItem","position":2,"name":"Musicalit\u00e9 - Music for Children"}]},{"@type":"WebSite","@id":"https:\/\/toutoui.musicalite.net\/#website","url":"https:\/\/toutoui.musicalite.net\/","name":"Toutoui &gt; Plateforme \u00e9ducative","description":"Musicalit\u00e9 en ligne","publisher":{"@id":"https:\/\/toutoui.musicalite.net\/#organization"},"potentialAction":[{"@type":"SearchAction","target":{"@type":"EntryPoint","urlTemplate":"https:\/\/toutoui.musicalite.net\/?s={search_term_string}"},"query-input":{"@type":"PropertyValueSpecification","valueRequired":true,"valueName":"search_term_string"}}],"inLanguage":"en-US"},{"@type":"Organization","@id":"https:\/\/toutoui.musicalite.net\/#organization","name":"Toutoui &gt; Plateforme \u00e9ducative","url":"https:\/\/toutoui.musicalite.net\/","logo":{"@type":"ImageObject","inLanguage":"en-US","@id":"https:\/\/toutoui.musicalite.net\/#\/schema\/logo\/image\/","url":"https:\/\/toutoui.musicalite.net\/wp-content\/uploads\/2022\/09\/cropped-logo-M.001-1-e1662054287241-1.png","contentUrl":"https:\/\/toutoui.musicalite.net\/wp-content\/uploads\/2022\/09\/cropped-logo-M.001-1-e1662054287241-1.png","width":512,"height":217,"caption":"Toutoui &gt; Plateforme \u00e9ducative"},"image":{"@id":"https:\/\/toutoui.musicalite.net\/#\/schema\/logo\/image\/"}}]}},"_links":{"self":[{"href":"https:\/\/toutoui.musicalite.net\/en\/wp-json\/wp\/v2\/pages\/5463","targetHints":{"allow":["GET"]}}],"collection":[{"href":"https:\/\/toutoui.musicalite.net\/en\/wp-json\/wp\/v2\/pages"}],"about":[{"href":"https:\/\/toutoui.musicalite.net\/en\/wp-json\/wp\/v2\/types\/page"}],"author":[{"embeddable":true,"href":"https:\/\/toutoui.musicalite.net\/en\/wp-json\/wp\/v2\/users\/1"}],"replies":[{"embeddable":true,"href":"https:\/\/toutoui.musicalite.net\/en\/wp-json\/wp\/v2\/comments?post=5463"}],"version-history":[{"count":0,"href":"https:\/\/toutoui.musicalite.net\/en\/wp-json\/wp\/v2\/pages\/5463\/revisions"}],"wp:featuredmedia":[{"embeddable":true,"href":"https:\/\/toutoui.musicalite.net\/en\/wp-json\/wp\/v2\/media\/3745"}],"wp:attachment":[{"href":"https:\/\/toutoui.musicalite.net\/en\/wp-json\/wp\/v2\/media?parent=5463"}],"curies":[{"name":"wp","href":"https:\/\/api.w.org\/{rel}","templated":true}]}}