{"id":4340,"date":"2022-08-31T16:32:46","date_gmt":"2022-08-31T20:32:46","guid":{"rendered":"https:\/\/toutoui.musicalite.net\/musicalite-home-page\/"},"modified":"2022-10-28T09:03:41","modified_gmt":"2022-10-28T13:03:41","slug":"home","status":"publish","type":"page","link":"https:\/\/toutoui.musicalite.net\/es\/home\/","title":{"rendered":"Musicalit\u00e9 Home"},"content":{"rendered":"\n\n\t\t\t\t<img loading=\"lazy\" decoding=\"async\" src=\"https:\/\/toutoui.musicalite.net\/wp-content\/uploads\/2022\/10\/logo-espanol-1.png\" alt=\"logo-espa\u00f1ol\" itemprop=\"image\" height=\"701\" width=\"1780\" title=\"logo-espa\u00f1ol\" onerror=\"this.style.display='none'\"  \/>\n\t<p>Un programa musical en movimiento!<\/p>\n<h1>\n\t\tExplorar el lenguaje de la m\u00fasica en acci\u00f3n\n\t<\/h1>\n\t<p>Concebimos experiencias musicales para ni\u00f1os de 0 \u00e0 6 a\u00f1os, construidas sobre un aprendizaje natural y org\u00e1nico de la m\u00fasica, vivido a trav\u00e9s del\u00a0cuerpo en movimiento.<\/p>\n\t\t\t\t<img loading=\"lazy\" decoding=\"async\" src=\"https:\/\/toutoui.musicalite.net\/wp-content\/uploads\/2022\/01\/renard-190221-128-2.jpg\" alt=\"musique et mouvement\" itemprop=\"image\" height=\"1359\" width=\"866\" title=\"musique et mouvement\" onerror=\"this.style.display='none'\"  \/>\n\t\t\t\t<img loading=\"lazy\" decoding=\"async\" src=\"https:\/\/toutoui.musicalite.net\/wp-content\/uploads\/2022\/01\/IMG_2775-scaled.jpg\" alt=\"musique et mouvement\" itemprop=\"image\" height=\"1707\" width=\"2560\" title=\"musique et mouvement\" onerror=\"this.style.display='none'\"  \/>\n<h1>\n\t\tVivir una experiencia colectiva\n\t<\/h1>\n\t<p>En nuestros cursos cada ni\u00f1o participa activamente, jugando un rol principal en su proceso de aprendizaje. M\u00e1s all\u00e1, avorecemos la interacci\u00f3n con sus pares invit\u00e1ndolos a explorar juntos espacios y lugares comunes.<\/p>\n<h1>\n\t\tEscuchar una m\u00fasica original y diversa\n\t<\/h1>\n\t<p>Nuestro <a href=\"https:\/\/musicalite.net\/es\/release\/musicachicos\/\">m\u00fasica<\/a> es rica en ritmos contempor\u00e1neos y compuesta con una estructura simple para facilitar el entendimiento y aprehensi\u00f3n por parte de los ni\u00f1os. Esta m\u00fasica invita a los ni\u00f1os a moverse y bailar con gracia!<\/p>\n\t\t\t\t<a href=\"https:\/\/music.apple.com\/us\/album\/feuilles-et-gouttes\/1594985890\" target=\"_self\" itemprop=\"url\" rel=\"noopener\">\n\t\t\t\t<img loading=\"lazy\" decoding=\"async\" src=\"https:\/\/toutoui.musicalite.net\/wp-content\/uploads\/2021\/11\/4.jpg\" alt=\"musique et mouvement\" itemprop=\"image\" height=\"480\" width=\"480\" title=\"musique et mouvement\" onerror=\"this.style.display='none'\"  \/>\n\t\t\t\t<\/a>\n\t\t\t\t<img loading=\"lazy\" decoding=\"async\" src=\"https:\/\/toutoui.musicalite.net\/wp-content\/uploads\/2022\/10\/MG_0068.jpg\" alt=\"musica para ninos\" itemprop=\"image\" height=\"1181\" width=\"1772\" title=\"musica para ninos\" onerror=\"this.style.display='none'\"  \/>\n<h1>\n\t\tManipular instrumentos y accesorios\n\t<\/h1>\n\t<p>Trabajamos con peque\u00f1os instrumentos de percusi\u00f3n y con elementos pedag\u00f3gicos que van a estimular la dexteridad de los ni\u00f1os, la coordinaci\u00f3n y su imaginaci\u00f3n.<\/p>\n<h1>\n\t\tIntegrar los beneficios del Brain Gym\u00ae\n\t<\/h1>\n\t<p>Incluimos el <a href=\"https:\/\/musicalite.net\/\/es\/braingym\/\">Braingym<\/a> en la experiencia musical. Estos movimientos se realizan para favorecer la concentraci\u00f3n, relajarlos y disfrutar esta nueva experiencia de aprendizaje.<\/p>\n\t\t\t\t<img loading=\"lazy\" decoding=\"async\" src=\"https:\/\/toutoui.musicalite.net\/wp-content\/uploads\/2022\/01\/renard-190221-19.jpg\" alt=\"Regreso a la calma (Positivismo)\" itemprop=\"image\" height=\"1365\" width=\"2048\" title=\"musique et mouvement\" onerror=\"this.style.display='none'\"  \/>\n\t\t\t\t<img loading=\"lazy\" decoding=\"async\" src=\"https:\/\/toutoui.musicalite.net\/wp-content\/uploads\/2021\/11\/renard-190221-121.jpg\" alt=\"renard-190221-121\" itemprop=\"image\" height=\"1365\" width=\"2048\" title=\"renard-190221-121\" onerror=\"this.style.display='none'\"  \/>\n<h1>\n\t\tOfrecer un servicio de calidad\n\t<\/h1>\n\t<p>Nuestro programa es especialmente creado para ser implementado en las guarder\u00edas. Este complementa el programa educativo, ofreci\u00e9ndoles a los ni\u00f1os un valor agreagado para su desarrollo global .<\/p>\n<h2>\n\t\tFavorizar la integraci\u00f3n y la adaptaci\u00f3n a los ritmos de la vida\n\t<\/h2>\n\t<p>Cuando la m\u00fasica se integra en esta etapa de aprendizaje, los resultados ser\u00e1n a\u00fan mayores! Nunca es muy temprano ofrecer herramientas para el <a href=\"https:\/\/musicalite.net\/\/es\/beneficios-de-la-musica\/\">desarrollo<\/a> de los ni\u00f1os. Y ello porque los primeros a\u00f1os de vida son realmente cruciales en las conexiones que se realizan en el cerebro. Cuando descubrimos nuestro propio ritmo para aprender a sincronizarnos al ritmo de la m\u00fasica, se aumenta la confianza en s\u00ed mismo, se impacta positivamente el desarrollo global, trayendo repercusiones positivas directas en su vida escolar.<\/p>\n\tNOVEDAD<br \/>\nUn programa musical en movimiento<br \/>\nen l\u00ednea!\n\t<p><a href=\"http:\/\/http\/\/:toutoui.musicalite.net\">Toutoui<\/a>\u00a0est un programa innovador que ayuda a los ni\u00f1os a desarrollarse con diversi\u00f3n! Este programa se encuentra disponible en franc\u00e9s e ingl\u00e9s.<\/p>\nQue los ni\u00f1os sean neurot\u00edpicos o neuroat\u00edpicos no tiene importance alguna. Es un programa para todos y cada uno encuentra all\u00ed su lugar.<br \/>\nEn fin, puede haber algo mejor aprender cuando te diviertes?\n\t\t\t\t<img loading=\"lazy\" decoding=\"async\" src=\"https:\/\/toutoui.musicalite.net\/wp-content\/uploads\/2022\/01\/TOUTOUI.png\" alt=\"TOUTOUI\" itemprop=\"image\" height=\"189\" width=\"236\" title=\"TOUTOUI\" onerror=\"this.style.display='none'\"  \/>\n\t<iframe loading=\"lazy\" width=\"560\" height=\"315\" src=\"https:\/\/www.youtube.com\/embed\/F39sU-YuKWE\" title=\"YouTube video player\" frameborder=\"0\" allow=\"accelerometer; autoplay; clipboard-write; encrypted-media; gyroscope; picture-in-picture\" allowfullscreen><\/iframe>\n\t<p>LA FELICIDAD AL RITMO DE LA VIDA!<\/p>\n\t<p>Buscamos crear un impacto positivo sobre la calidad de vida de los ni\u00f1os y de la sociedad en general a trav\u00e9s de la m\u00fasica. Proponemos para ello materiales did\u00e1ctico y art\u00edstico, productos y experiencias para el aprendizaje de la m\u00fasica y en general para su disfrute.<\/p>\n\t<iframe loading=\"lazy\" title=\"Promo Musicalite\" width=\"500\" height=\"281\" src=\"https:\/\/www.youtube.com\/embed\/ETdDvbFn2GA?feature=oembed\" frameborder=\"0\" allow=\"accelerometer; autoplay; clipboard-write; encrypted-media; gyroscope; picture-in-picture\" allowfullscreen><\/iframe> \n\t\t\t<a href=\"https:\/\/musicalite.net\/es\/contacto\/\" target=\"_blank\" role=\"button\" rel=\"noopener\">\n\t\t\t\t\t\t\tCONT\u00c1CTANOS\n\t\t\t\t\t<\/a>\n\n","protected":false},"excerpt":{"rendered":"<p>Un programa musical en movimiento! Explorar el lenguaje de la m\u00fasica en acci\u00f3n Concebimos experiencias musicales para ni\u00f1os de 0 \u00e0 6 a\u00f1os, construidas sobre un aprendizaje natural y org\u00e1nico de la m\u00fasica, vivido a trav\u00e9s del\u00a0cuerpo en movimiento. Vivir una experiencia colectiva En nuestros cursos cada ni\u00f1o participa activamente, jugando un rol principal en [&hellip;]<\/p>\n","protected":false},"author":1,"featured_media":3746,"parent":0,"menu_order":0,"comment_status":"closed","ping_status":"closed","template":"","meta":{"site-sidebar-layout":"no-sidebar","site-content-layout":"page-builder","ast-site-content-layout":"default","site-content-style":"default","site-sidebar-style":"default","ast-global-header-display":"","ast-banner-title-visibility":"","ast-main-header-display":"","ast-hfb-above-header-display":"","ast-hfb-below-header-display":"","ast-hfb-mobile-header-display":"disabled","site-post-title":"disabled","ast-breadcrumbs-content":"disabled","ast-featured-img":"disabled","footer-sml-layout":"disabled","theme-transparent-header-meta":"default","adv-header-id-meta":"","stick-header-meta":"default","header-above-stick-meta":"","header-main-stick-meta":"","header-below-stick-meta":"","astra-migrate-meta-layouts":"default","ast-page-background-enabled":"default","ast-page-background-meta":{"desktop":{"background-color":"","background-image":"","background-repeat":"repeat","background-position":"center center","background-size":"auto","background-attachment":"scroll","background-type":"","background-media":"","overlay-type":"","overlay-color":"","overlay-opacity":"","overlay-gradient":""},"tablet":{"background-color":"","background-image":"","background-repeat":"repeat","background-position":"center center","background-size":"auto","background-attachment":"scroll","background-type":"","background-media":"","overlay-type":"","overlay-color":"","overlay-opacity":"","overlay-gradient":""},"mobile":{"background-color":"","background-image":"","background-repeat":"repeat","background-position":"center center","background-size":"auto","background-attachment":"scroll","background-type":"","background-media":"","overlay-type":"","overlay-color":"","overlay-opacity":"","overlay-gradient":""}},"ast-content-background-meta":{"desktop":{"background-color":"var(--ast-global-color-5)","background-image":"","background-repeat":"repeat","background-position":"center center","background-size":"auto","background-attachment":"scroll","background-type":"","background-media":"","overlay-type":"","overlay-color":"","overlay-opacity":"","overlay-gradient":""},"tablet":{"background-color":"var(--ast-global-color-5)","background-image":"","background-repeat":"repeat","background-position":"center center","background-size":"auto","background-attachment":"scroll","background-type":"","background-media":"","overlay-type":"","overlay-color":"","overlay-opacity":"","overlay-gradient":""},"mobile":{"background-color":"var(--ast-global-color-5)","background-image":"","background-repeat":"repeat","background-position":"center center","background-size":"auto","background-attachment":"scroll","background-type":"","background-media":"","overlay-type":"","overlay-color":"","overlay-opacity":"","overlay-gradient":""}},"footnotes":""},"class_list":["post-4340","page","type-page","status-publish","has-post-thumbnail","hentry"],"yoast_head":"<!-- This site is optimized with the Yoast SEO plugin v26.4 - https:\/\/yoast.com\/wordpress\/plugins\/seo\/ -->\n<title>Musicalit\u00e9 Home - Toutoui &gt; Plateforme \u00e9ducative<\/title>\n<meta name=\"description\" content=\"Des outils puissants et captivants au service du d\u00e9veloppement des enfants. Toutoui, un programme de musique et de mouvement efficace.\" \/>\n<meta name=\"robots\" content=\"index, follow, max-snippet:-1, max-image-preview:large, max-video-preview:-1\" \/>\n<link rel=\"canonical\" href=\"https:\/\/toutoui.musicalite.net\/es\/home\/\" \/>\n<meta property=\"og:locale\" content=\"es_ES\" \/>\n<meta property=\"og:type\" content=\"article\" \/>\n<meta property=\"og:title\" content=\"Musicalit\u00e9 Home - Toutoui &gt; Plateforme \u00e9ducative\" \/>\n<meta property=\"og:description\" content=\"Outils puissants et captivants au service du d\u00e9veloppement\" \/>\n<meta property=\"og:url\" content=\"https:\/\/toutoui.musicalite.net\/es\/home\/\" \/>\n<meta property=\"og:site_name\" content=\"Toutoui &gt; Plateforme \u00e9ducative\" \/>\n<meta property=\"article:modified_time\" content=\"2022-10-28T13:03:41+00:00\" \/>\n<meta property=\"og:image\" content=\"https:\/\/toutoui.musicalite.net\/wp-content\/uploads\/2021\/11\/TOUTOUI.png\" \/>\n\t<meta property=\"og:image:width\" content=\"2124\" \/>\n\t<meta property=\"og:image:height\" content=\"1701\" \/>\n\t<meta property=\"og:image:type\" content=\"image\/png\" \/>\n<meta name=\"twitter:card\" content=\"summary_large_image\" \/>\n<meta name=\"twitter:title\" content=\"Toutoui programme musique et mouvement en ligne pour les enfants de 0 \u00e0 6 ans\" \/>\n<meta name=\"twitter:description\" content=\"Outils puissants et captivants au service du d\u00e9veloppement\" \/>\n<meta name=\"twitter:label1\" content=\"Tiempo de lectura\" \/>\n\t<meta name=\"twitter:data1\" content=\"2 minutos\" \/>\n<script type=\"application\/ld+json\" class=\"yoast-schema-graph\">{\"@context\":\"https:\/\/schema.org\",\"@graph\":[{\"@type\":\"WebPage\",\"@id\":\"https:\/\/toutoui.musicalite.net\/es\/home\/\",\"url\":\"https:\/\/toutoui.musicalite.net\/es\/home\/\",\"name\":\"Musicalit\u00e9 Home - Toutoui &gt; Plateforme \u00e9ducative\",\"isPartOf\":{\"@id\":\"https:\/\/toutoui.musicalite.net\/#website\"},\"primaryImageOfPage\":{\"@id\":\"https:\/\/toutoui.musicalite.net\/es\/home\/#primaryimage\"},\"image\":{\"@id\":\"https:\/\/toutoui.musicalite.net\/es\/home\/#primaryimage\"},\"thumbnailUrl\":\"https:\/\/toutoui.musicalite.net\/wp-content\/uploads\/2021\/11\/TOUTOUI.png\",\"datePublished\":\"2022-08-31T20:32:46+00:00\",\"dateModified\":\"2022-10-28T13:03:41+00:00\",\"description\":\"Des outils puissants et captivants au service du d\u00e9veloppement des enfants. Toutoui, un programme de musique et de mouvement efficace.\",\"breadcrumb\":{\"@id\":\"https:\/\/toutoui.musicalite.net\/es\/home\/#breadcrumb\"},\"inLanguage\":\"es\",\"potentialAction\":[{\"@type\":\"ReadAction\",\"target\":[\"https:\/\/toutoui.musicalite.net\/es\/home\/\"]}]},{\"@type\":\"ImageObject\",\"inLanguage\":\"es\",\"@id\":\"https:\/\/toutoui.musicalite.net\/es\/home\/#primaryimage\",\"url\":\"https:\/\/toutoui.musicalite.net\/wp-content\/uploads\/2021\/11\/TOUTOUI.png\",\"contentUrl\":\"https:\/\/toutoui.musicalite.net\/wp-content\/uploads\/2021\/11\/TOUTOUI.png\",\"width\":2124,\"height\":1701},{\"@type\":\"BreadcrumbList\",\"@id\":\"https:\/\/toutoui.musicalite.net\/es\/home\/#breadcrumb\",\"itemListElement\":[{\"@type\":\"ListItem\",\"position\":1,\"name\":\"Accueil\",\"item\":\"https:\/\/toutoui.musicalite.net\/\"},{\"@type\":\"ListItem\",\"position\":2,\"name\":\"Musicalit\u00e9 Home\"}]},{\"@type\":\"WebSite\",\"@id\":\"https:\/\/toutoui.musicalite.net\/#website\",\"url\":\"https:\/\/toutoui.musicalite.net\/\",\"name\":\"Toutoui &gt; Plateforme \u00e9ducative\",\"description\":\"Musicalit\u00e9 en ligne\",\"publisher\":{\"@id\":\"https:\/\/toutoui.musicalite.net\/#organization\"},\"potentialAction\":[{\"@type\":\"SearchAction\",\"target\":{\"@type\":\"EntryPoint\",\"urlTemplate\":\"https:\/\/toutoui.musicalite.net\/?s={search_term_string}\"},\"query-input\":{\"@type\":\"PropertyValueSpecification\",\"valueRequired\":true,\"valueName\":\"search_term_string\"}}],\"inLanguage\":\"es\"},{\"@type\":\"Organization\",\"@id\":\"https:\/\/toutoui.musicalite.net\/#organization\",\"name\":\"Toutoui &gt; Plateforme \u00e9ducative\",\"url\":\"https:\/\/toutoui.musicalite.net\/\",\"logo\":{\"@type\":\"ImageObject\",\"inLanguage\":\"es\",\"@id\":\"https:\/\/toutoui.musicalite.net\/#\/schema\/logo\/image\/\",\"url\":\"https:\/\/toutoui.musicalite.net\/wp-content\/uploads\/2022\/09\/cropped-logo-M.001-1-e1662054287241-1.png\",\"contentUrl\":\"https:\/\/toutoui.musicalite.net\/wp-content\/uploads\/2022\/09\/cropped-logo-M.001-1-e1662054287241-1.png\",\"width\":512,\"height\":217,\"caption\":\"Toutoui &gt; Plateforme \u00e9ducative\"},\"image\":{\"@id\":\"https:\/\/toutoui.musicalite.net\/#\/schema\/logo\/image\/\"}}]}<\/script>\n<!-- \/ Yoast SEO plugin. -->","yoast_head_json":{"title":"Musicalit\u00e9 Home - Toutoui &gt; Plateforme \u00e9ducative","description":"Des outils puissants et captivants au service du d\u00e9veloppement des enfants. Toutoui, un programme de musique et de mouvement efficace.","robots":{"index":"index","follow":"follow","max-snippet":"max-snippet:-1","max-image-preview":"max-image-preview:large","max-video-preview":"max-video-preview:-1"},"canonical":"https:\/\/toutoui.musicalite.net\/es\/home\/","og_locale":"es_ES","og_type":"article","og_title":"Musicalit\u00e9 Home - Toutoui &gt; Plateforme \u00e9ducative","og_description":"Outils puissants et captivants au service du d\u00e9veloppement","og_url":"https:\/\/toutoui.musicalite.net\/es\/home\/","og_site_name":"Toutoui &gt; Plateforme \u00e9ducative","article_modified_time":"2022-10-28T13:03:41+00:00","og_image":[{"width":2124,"height":1701,"url":"https:\/\/toutoui.musicalite.net\/wp-content\/uploads\/2021\/11\/TOUTOUI.png","type":"image\/png"}],"twitter_card":"summary_large_image","twitter_title":"Toutoui programme musique et mouvement en ligne pour les enfants de 0 \u00e0 6 ans","twitter_description":"Outils puissants et captivants au service du d\u00e9veloppement","twitter_misc":{"Tiempo de lectura":"2 minutos"},"schema":{"@context":"https:\/\/schema.org","@graph":[{"@type":"WebPage","@id":"https:\/\/toutoui.musicalite.net\/es\/home\/","url":"https:\/\/toutoui.musicalite.net\/es\/home\/","name":"Musicalit\u00e9 Home - Toutoui &gt; Plateforme \u00e9ducative","isPartOf":{"@id":"https:\/\/toutoui.musicalite.net\/#website"},"primaryImageOfPage":{"@id":"https:\/\/toutoui.musicalite.net\/es\/home\/#primaryimage"},"image":{"@id":"https:\/\/toutoui.musicalite.net\/es\/home\/#primaryimage"},"thumbnailUrl":"https:\/\/toutoui.musicalite.net\/wp-content\/uploads\/2021\/11\/TOUTOUI.png","datePublished":"2022-08-31T20:32:46+00:00","dateModified":"2022-10-28T13:03:41+00:00","description":"Des outils puissants et captivants au service du d\u00e9veloppement des enfants. Toutoui, un programme de musique et de mouvement efficace.","breadcrumb":{"@id":"https:\/\/toutoui.musicalite.net\/es\/home\/#breadcrumb"},"inLanguage":"es","potentialAction":[{"@type":"ReadAction","target":["https:\/\/toutoui.musicalite.net\/es\/home\/"]}]},{"@type":"ImageObject","inLanguage":"es","@id":"https:\/\/toutoui.musicalite.net\/es\/home\/#primaryimage","url":"https:\/\/toutoui.musicalite.net\/wp-content\/uploads\/2021\/11\/TOUTOUI.png","contentUrl":"https:\/\/toutoui.musicalite.net\/wp-content\/uploads\/2021\/11\/TOUTOUI.png","width":2124,"height":1701},{"@type":"BreadcrumbList","@id":"https:\/\/toutoui.musicalite.net\/es\/home\/#breadcrumb","itemListElement":[{"@type":"ListItem","position":1,"name":"Accueil","item":"https:\/\/toutoui.musicalite.net\/"},{"@type":"ListItem","position":2,"name":"Musicalit\u00e9 Home"}]},{"@type":"WebSite","@id":"https:\/\/toutoui.musicalite.net\/#website","url":"https:\/\/toutoui.musicalite.net\/","name":"Toutoui &gt; Plateforme \u00e9ducative","description":"Musicalit\u00e9 en ligne","publisher":{"@id":"https:\/\/toutoui.musicalite.net\/#organization"},"potentialAction":[{"@type":"SearchAction","target":{"@type":"EntryPoint","urlTemplate":"https:\/\/toutoui.musicalite.net\/?s={search_term_string}"},"query-input":{"@type":"PropertyValueSpecification","valueRequired":true,"valueName":"search_term_string"}}],"inLanguage":"es"},{"@type":"Organization","@id":"https:\/\/toutoui.musicalite.net\/#organization","name":"Toutoui &gt; Plateforme \u00e9ducative","url":"https:\/\/toutoui.musicalite.net\/","logo":{"@type":"ImageObject","inLanguage":"es","@id":"https:\/\/toutoui.musicalite.net\/#\/schema\/logo\/image\/","url":"https:\/\/toutoui.musicalite.net\/wp-content\/uploads\/2022\/09\/cropped-logo-M.001-1-e1662054287241-1.png","contentUrl":"https:\/\/toutoui.musicalite.net\/wp-content\/uploads\/2022\/09\/cropped-logo-M.001-1-e1662054287241-1.png","width":512,"height":217,"caption":"Toutoui &gt; Plateforme \u00e9ducative"},"image":{"@id":"https:\/\/toutoui.musicalite.net\/#\/schema\/logo\/image\/"}}]}},"_links":{"self":[{"href":"https:\/\/toutoui.musicalite.net\/es\/wp-json\/wp\/v2\/pages\/4340","targetHints":{"allow":["GET"]}}],"collection":[{"href":"https:\/\/toutoui.musicalite.net\/es\/wp-json\/wp\/v2\/pages"}],"about":[{"href":"https:\/\/toutoui.musicalite.net\/es\/wp-json\/wp\/v2\/types\/page"}],"author":[{"embeddable":true,"href":"https:\/\/toutoui.musicalite.net\/es\/wp-json\/wp\/v2\/users\/1"}],"replies":[{"embeddable":true,"href":"https:\/\/toutoui.musicalite.net\/es\/wp-json\/wp\/v2\/comments?post=4340"}],"version-history":[{"count":0,"href":"https:\/\/toutoui.musicalite.net\/es\/wp-json\/wp\/v2\/pages\/4340\/revisions"}],"wp:featuredmedia":[{"embeddable":true,"href":"https:\/\/toutoui.musicalite.net\/es\/wp-json\/wp\/v2\/media\/3746"}],"wp:attachment":[{"href":"https:\/\/toutoui.musicalite.net\/es\/wp-json\/wp\/v2\/media?parent=4340"}],"curies":[{"name":"wp","href":"https:\/\/api.w.org\/{rel}","templated":true}]}}