{"id":4452,"date":"2022-09-07T09:23:49","date_gmt":"2022-09-07T13:23:49","guid":{"rendered":"https:\/\/toutoui.musicalite.net\/musicalite-garderies\/"},"modified":"2022-10-25T17:35:56","modified_gmt":"2022-10-25T21:35:56","slug":"guarderias","status":"publish","type":"page","link":"https:\/\/toutoui.musicalite.net\/es\/guarderias\/","title":{"rendered":"Musicalit\u00e9 &#8211; guarder\u00edas"},"content":{"rendered":"\n\n\t\t\t\t<img loading=\"lazy\" decoding=\"async\" src=\"https:\/\/toutoui.musicalite.net\/wp-content\/uploads\/2022\/10\/logo-espanol-1.png\" alt=\"logo-espa\u00f1ol\" itemprop=\"image\" height=\"701\" width=\"1780\" title=\"logo-espa\u00f1ol\" onerror=\"this.style.display='none'\"  \/>\n\t<p>\u00a1 Una experiencia musical divertida y poderosa !<\/p>\n\t<p>En Musicalit\u00e9 la\u00a0estructura de la experiencia musical se conserva y ello con el objetivo de brindarles a los ni\u00f1os un espacio seguro dentro de su proceso de aprendizaje. Cada elemento est\u00e1 estrat\u00e9gicamente ubicado, para mantener la cadencia de la clase y por ende, la atenci\u00f3n de los peque\u00f1os. Esta es la estructura que proponemos en clase (30 minutos):<\/p>\n\t\t\t\t<img loading=\"lazy\" decoding=\"async\" src=\"https:\/\/toutoui.musicalite.net\/wp-content\/uploads\/2022\/10\/COSA-esp.png\" alt=\"COSA-esp\" itemprop=\"image\" height=\"274\" width=\"1853\" title=\"COSA-esp\" onerror=\"this.style.display='none'\"  \/>\n<p>Nuestro programa alimenta las inteligencias m\u00faltiples como: la musical, la kinest\u00e9sica, l\u00f3gico-matem\u00e1tica, visual y espacial, emocional, \u00a0social y ling\u00fc\u00edstica.<\/p>\n<p>&nbsp;<\/p>\n\t<p>\u00a1 Nuestro principal objetivo no es solamente ense\u00f1ar la m\u00fasica, sino aportar al desarrollo global de los ni\u00f1os a trav\u00e9s del movimiento\u00a0!<\/p>\n<h1>\n\t\tPEDAGOG\u00cdA\n\t<\/h1>\n<p>Nuestro programa resulta de la fusi\u00f3n de nuestra experiencia de m\u00e1s de 30 a\u00f1os en educaci\u00f3n musical, que ha sido enriquecica por varias metodolog\u00edas en educaci\u00f3n musical, como\u00a0<a href=\"https:\/\/www.orffquebec.ca\">Orff<\/a>\u2009y\u00a0<a href=\"https:\/\/www.dalcrozecanada.com\/index.php\/en\/\">Dalcroze.<\/a><\/p>\n<p>Adem\u00e1s, nuestro programa se encuentra enriquecido por actividades que estimulan la sicomotricidad, el lenguaje, el desarrollo sensorial y la seguridad f\u00edsica y emocional de los peque\u00f1os. Inclu\u00edmos tambi\u00e9n actividades de Brain Gym y movimientos neurosensoriales (integraci\u00f3n de reflejos primitivos) de manera transversal en nuestras actividades.<\/p>\n<p><strong>Nuestro programa es personalizado, rico, \u00fanico y evoluciona y mejora con el paso de los a\u00f1os!<\/strong><\/p>\n\t\t\t\t<img loading=\"lazy\" decoding=\"async\" src=\"https:\/\/toutoui.musicalite.net\/wp-content\/uploads\/2022\/09\/renard-190221-88.jpg\" alt=\"renard-190221-88\" itemprop=\"image\" height=\"1365\" width=\"2048\" title=\"renard-190221-88\" onerror=\"this.style.display='none'\"  \/>\n<h1>\n\t\tESPECIFICIDADES\n\t<\/h1>\n<p>\u2022 30 minutos de experiencia musical por grupo<\/p>\n<p>\u2022 2.5 horas de m\u00fasica por semana (m\u00ednimo)<\/p>\n<p>\u2022 Ni\u00f1os de 10 meses a 6 a\u00f1os<\/p>\n<p>\u2022 Instrumentos de percusi\u00f3n y elementos pedag\u00f3gicos<\/p>\n<p>\u2022 Paquetes de 12 semanas o m\u00e1s<\/p>\n<p>\u2022 Nuevo programa y actividades en cada sesi\u00f3n<\/p>\n<p>\u2022\u00a0Programa biling\u00fce (franc\u00e9s e ingl\u00e9s)<\/p>\n\t\t\t\t<img loading=\"lazy\" decoding=\"async\" src=\"https:\/\/toutoui.musicalite.net\/wp-content\/uploads\/2022\/09\/sauter2.jpg\" alt=\"sauter2\" itemprop=\"image\" height=\"1080\" width=\"1617\" title=\"sauter2\" onerror=\"this.style.display='none'\"  \/>\n<h1>\n\t\tFILOSOF\u00cdA\n\t<\/h1>\n<p>\u2022 Los conceptos musicales se exploran con el cuerpo<\/p>\n<p>\u2022 La pulsaci\u00f3n y la sincronizaci\u00f3n son el coraz\u00f3n de nuestro programa<\/p>\n<p>\u2022 Mantenemos la atenci\u00f3n del ni\u00f1o y el aprendizaje es activo<\/p>\n<p>\u2022 Los ni\u00f1os son nuestros gu\u00edas e inspiradores<\/p>\n\t\t\t\t<img loading=\"lazy\" decoding=\"async\" src=\"https:\/\/toutoui.musicalite.net\/wp-content\/uploads\/2022\/10\/MG_0146.jpg\" alt=\"_MG_0146\" itemprop=\"image\" height=\"1181\" width=\"1772\" title=\"_MG_0146\" onerror=\"this.style.display='none'\"  \/>\n<h1>\n\t\tIMPACTOS DEL PROGRAMA\n\t<\/h1>\n<p>Estos son algunos de los beneficios nombrados por las educadoras y directoras de CPE y guarder\u00edas que siguen nuestro programa (Encuesta realizada en 2019):<\/p>\n\t\t\t<a href=\"#\" id=\"fl-accordion--label-0\" tabindex=\"0\" aria-controls=\"fl-accordion--panel-0\">Lenguaje<\/a>\n\t\t<p>Desde la implementaci\u00f3n de nuestro programa, un 50% encuentra que ha habile una mejor\u00eda en el desarrollo ling\u00fc\u00edstico de los ni\u00f1os. Por ejemplo, siguen patrones orales con mayor facilidad y cantan m\u00e1s.<\/p>\n\t\t\t<a href=\"#\" id=\"fl-accordion--label-1\" tabindex=\"0\" aria-controls=\"fl-accordion--panel-1\">Concentraci\u00f3n y disciplina<\/a>\n\t\t<p>A los ni\u00f1os les encanta poder ejercitarse para lograr un objetivo preciso. Alrededor del 50% perciben impactos positivos en la atenci\u00f3n y en los patrones de comportamiento de los chicos.<\/p>\n\t\t\t<a href=\"#\" id=\"fl-accordion--label-2\" tabindex=\"0\" aria-controls=\"fl-accordion--panel-2\">Coordinaci\u00f3n y motricidad<\/a>\n\t\t<p>Las educadoras han notado que con nuestro programa hay mejor\u00eda en la lateralizaci\u00f3n, la reproducci\u00f3n de sequencias en el espacio y un mayor equilibrio por parte de los ni\u00f1os.<\/p>\n\t\t\t<a href=\"#\" id=\"fl-accordion--label-3\" tabindex=\"0\" aria-controls=\"fl-accordion--panel-3\">Capacidad de escucha- Unidad<\/a>\n\t\t<p>Cuando los ni\u00f1os cantan juntos, son capaces de escucharse y eso los trae como unidad.<\/p>\n\t\t\t<a href=\"#\" id=\"fl-accordion--label-4\" tabindex=\"0\" aria-controls=\"fl-accordion--panel-4\">Aceptaci\u00f3n de la diversidad<\/a>\n\t\t<p>Nuestras actividades en franc\u00e9s, ingl\u00e9s y espa\u00f1ol son un agente de sensibilizaci\u00f3n a la diversidad de culturas en este pa\u00eds. Nuestros acentos hacen reir a los ni\u00f1os (y a las educadoras tambi\u00e9n).<\/p>\n\t\t\t<a href=\"#\" id=\"fl-accordion--label-5\" tabindex=\"0\" aria-controls=\"fl-accordion--panel-5\">Consciencia r\u00edtmica<\/a>\n\t\t<p>Los ni\u00f1os comienzan a sostenir un tempo, a seguir el ritmo de manera natural, a saber parar en el buen momento.<\/p>\n\t\t\t<a href=\"#\" id=\"fl-accordion--label-6\" tabindex=\"0\" aria-controls=\"fl-accordion--panel-6\">Amor por la m\u00fasica<\/a>\n\t\t<p>Les ni\u00f1os esperan con impaciencia su d\u00eda de clase de m\u00fasica. Durante la semana, cantan las canciones aprendidas.<\/p>\n\t\t\t<a href=\"#\" id=\"fl-accordion--label-7\" tabindex=\"0\" aria-controls=\"fl-accordion--panel-7\">Calma y confianza en s\u00ed<\/a>\n\t\t<p>Con las relajaciones y el Brain Gym, les ni\u00f1os cierran sus ojos, se quedan en silencio son capaces de ser conscientes de su respiraci\u00f3n.<\/p>\n\t<p>MUSICALIT\u00c9 hace parte de la familia Talents123 desde hace 8 a\u00f1os. Su manera de comunicar a los ni\u00f1os la alegr\u00eda de la m\u00fasica, es fenomenal. Las relaciones que se tejen entre los profesores y los ni\u00f1os duran mucho m\u00e1s que los a\u00f1os de guarder\u00eda. Con el paso de los a\u00f1os, realizamos que no pudimos tener un mejor equipo para ayudarnos a crear hermosos recuerdos para los ni\u00f1os, las familial y las educadoras. \u00a0\u00a1 Los d\u00edas de clase Musicalit\u00e9 son las preferidas de nuestros chicos !<\/p>\n<strong>\u00a0Rima Balhawan<\/strong><br \/>\n<strong>Guarder\u00eda Bilingue Talents 1,2,3<\/strong>\n\t\t\t<a href=\"https:\/\/musicalite.net\/es\/contacto\/\" target=\"_blank\" role=\"button\" rel=\"noopener\">\n\t\t\t\t\t\t\tCONT\u00c1CTANOS\n\t\t\t\t\t<\/a>\n\n","protected":false},"excerpt":{"rendered":"<p>\u00a1 Una experiencia musical divertida y poderosa ! En Musicalit\u00e9 la\u00a0estructura de la experiencia musical se conserva y ello con el objetivo de brindarles a los ni\u00f1os un espacio seguro dentro de su proceso de aprendizaje. Cada elemento est\u00e1 estrat\u00e9gicamente ubicado, para mantener la cadencia de la clase y por ende, la atenci\u00f3n de los [&hellip;]<\/p>\n","protected":false},"author":1,"featured_media":3746,"parent":0,"menu_order":0,"comment_status":"closed","ping_status":"closed","template":"","meta":{"site-sidebar-layout":"no-sidebar","site-content-layout":"page-builder","ast-site-content-layout":"default","site-content-style":"default","site-sidebar-style":"default","ast-global-header-display":"","ast-banner-title-visibility":"","ast-main-header-display":"","ast-hfb-above-header-display":"","ast-hfb-below-header-display":"","ast-hfb-mobile-header-display":"disabled","site-post-title":"disabled","ast-breadcrumbs-content":"disabled","ast-featured-img":"disabled","footer-sml-layout":"disabled","theme-transparent-header-meta":"default","adv-header-id-meta":"","stick-header-meta":"default","header-above-stick-meta":"","header-main-stick-meta":"","header-below-stick-meta":"","astra-migrate-meta-layouts":"default","ast-page-background-enabled":"default","ast-page-background-meta":{"desktop":{"background-color":"","background-image":"","background-repeat":"repeat","background-position":"center center","background-size":"auto","background-attachment":"scroll","background-type":"","background-media":"","overlay-type":"","overlay-color":"","overlay-opacity":"","overlay-gradient":""},"tablet":{"background-color":"","background-image":"","background-repeat":"repeat","background-position":"center center","background-size":"auto","background-attachment":"scroll","background-type":"","background-media":"","overlay-type":"","overlay-color":"","overlay-opacity":"","overlay-gradient":""},"mobile":{"background-color":"","background-image":"","background-repeat":"repeat","background-position":"center center","background-size":"auto","background-attachment":"scroll","background-type":"","background-media":"","overlay-type":"","overlay-color":"","overlay-opacity":"","overlay-gradient":""}},"ast-content-background-meta":{"desktop":{"background-color":"var(--ast-global-color-5)","background-image":"","background-repeat":"repeat","background-position":"center center","background-size":"auto","background-attachment":"scroll","background-type":"","background-media":"","overlay-type":"","overlay-color":"","overlay-opacity":"","overlay-gradient":""},"tablet":{"background-color":"var(--ast-global-color-5)","background-image":"","background-repeat":"repeat","background-position":"center center","background-size":"auto","background-attachment":"scroll","background-type":"","background-media":"","overlay-type":"","overlay-color":"","overlay-opacity":"","overlay-gradient":""},"mobile":{"background-color":"var(--ast-global-color-5)","background-image":"","background-repeat":"repeat","background-position":"center center","background-size":"auto","background-attachment":"scroll","background-type":"","background-media":"","overlay-type":"","overlay-color":"","overlay-opacity":"","overlay-gradient":""}},"footnotes":""},"class_list":["post-4452","page","type-page","status-publish","has-post-thumbnail","hentry"],"yoast_head":"<!-- This site is optimized with the Yoast SEO plugin v26.4 - https:\/\/yoast.com\/wordpress\/plugins\/seo\/ -->\n<title>Musicalit\u00e9 - guarder\u00edas - Toutoui &gt; Plateforme \u00e9ducative<\/title>\n<meta name=\"description\" content=\"Des outils puissants et captivants au service du d\u00e9veloppement des enfants. Toutoui, un programme de musique et de mouvement efficace.\" \/>\n<meta name=\"robots\" content=\"index, follow, max-snippet:-1, max-image-preview:large, max-video-preview:-1\" \/>\n<link rel=\"canonical\" href=\"https:\/\/toutoui.musicalite.net\/es\/guarderias\/\" \/>\n<meta property=\"og:locale\" content=\"es_ES\" \/>\n<meta property=\"og:type\" content=\"article\" \/>\n<meta property=\"og:title\" content=\"Musicalit\u00e9 - guarder\u00edas - Toutoui &gt; Plateforme \u00e9ducative\" \/>\n<meta property=\"og:description\" content=\"Outils puissants et captivants au service du d\u00e9veloppement\" \/>\n<meta property=\"og:url\" content=\"https:\/\/toutoui.musicalite.net\/es\/guarderias\/\" \/>\n<meta property=\"og:site_name\" content=\"Toutoui &gt; Plateforme \u00e9ducative\" \/>\n<meta property=\"article:modified_time\" content=\"2022-10-25T21:35:56+00:00\" \/>\n<meta property=\"og:image\" content=\"https:\/\/toutoui.musicalite.net\/wp-content\/uploads\/2021\/11\/TOUTOUI.png\" \/>\n\t<meta property=\"og:image:width\" content=\"2124\" \/>\n\t<meta property=\"og:image:height\" content=\"1701\" \/>\n\t<meta property=\"og:image:type\" content=\"image\/png\" \/>\n<meta name=\"twitter:card\" content=\"summary_large_image\" \/>\n<meta name=\"twitter:title\" content=\"Toutoui programme musique et mouvement en ligne pour les enfants de 0 \u00e0 6 ans\" \/>\n<meta name=\"twitter:description\" content=\"Outils puissants et captivants au service du d\u00e9veloppement\" \/>\n<meta name=\"twitter:label1\" content=\"Tiempo de lectura\" \/>\n\t<meta name=\"twitter:data1\" content=\"4 minutos\" \/>\n<script type=\"application\/ld+json\" class=\"yoast-schema-graph\">{\"@context\":\"https:\/\/schema.org\",\"@graph\":[{\"@type\":\"WebPage\",\"@id\":\"https:\/\/toutoui.musicalite.net\/es\/guarderias\/\",\"url\":\"https:\/\/toutoui.musicalite.net\/es\/guarderias\/\",\"name\":\"Musicalit\u00e9 - guarder\u00edas - Toutoui &gt; Plateforme \u00e9ducative\",\"isPartOf\":{\"@id\":\"https:\/\/toutoui.musicalite.net\/#website\"},\"primaryImageOfPage\":{\"@id\":\"https:\/\/toutoui.musicalite.net\/es\/guarderias\/#primaryimage\"},\"image\":{\"@id\":\"https:\/\/toutoui.musicalite.net\/es\/guarderias\/#primaryimage\"},\"thumbnailUrl\":\"https:\/\/toutoui.musicalite.net\/wp-content\/uploads\/2021\/11\/TOUTOUI.png\",\"datePublished\":\"2022-09-07T13:23:49+00:00\",\"dateModified\":\"2022-10-25T21:35:56+00:00\",\"description\":\"Des outils puissants et captivants au service du d\u00e9veloppement des enfants. Toutoui, un programme de musique et de mouvement efficace.\",\"breadcrumb\":{\"@id\":\"https:\/\/toutoui.musicalite.net\/es\/guarderias\/#breadcrumb\"},\"inLanguage\":\"es\",\"potentialAction\":[{\"@type\":\"ReadAction\",\"target\":[\"https:\/\/toutoui.musicalite.net\/es\/guarderias\/\"]}]},{\"@type\":\"ImageObject\",\"inLanguage\":\"es\",\"@id\":\"https:\/\/toutoui.musicalite.net\/es\/guarderias\/#primaryimage\",\"url\":\"https:\/\/toutoui.musicalite.net\/wp-content\/uploads\/2021\/11\/TOUTOUI.png\",\"contentUrl\":\"https:\/\/toutoui.musicalite.net\/wp-content\/uploads\/2021\/11\/TOUTOUI.png\",\"width\":2124,\"height\":1701},{\"@type\":\"BreadcrumbList\",\"@id\":\"https:\/\/toutoui.musicalite.net\/es\/guarderias\/#breadcrumb\",\"itemListElement\":[{\"@type\":\"ListItem\",\"position\":1,\"name\":\"Accueil\",\"item\":\"https:\/\/toutoui.musicalite.net\/\"},{\"@type\":\"ListItem\",\"position\":2,\"name\":\"Musicalit\u00e9 - guarder\u00edas\"}]},{\"@type\":\"WebSite\",\"@id\":\"https:\/\/toutoui.musicalite.net\/#website\",\"url\":\"https:\/\/toutoui.musicalite.net\/\",\"name\":\"Toutoui &gt; Plateforme \u00e9ducative\",\"description\":\"Musicalit\u00e9 en ligne\",\"publisher\":{\"@id\":\"https:\/\/toutoui.musicalite.net\/#organization\"},\"potentialAction\":[{\"@type\":\"SearchAction\",\"target\":{\"@type\":\"EntryPoint\",\"urlTemplate\":\"https:\/\/toutoui.musicalite.net\/?s={search_term_string}\"},\"query-input\":{\"@type\":\"PropertyValueSpecification\",\"valueRequired\":true,\"valueName\":\"search_term_string\"}}],\"inLanguage\":\"es\"},{\"@type\":\"Organization\",\"@id\":\"https:\/\/toutoui.musicalite.net\/#organization\",\"name\":\"Toutoui &gt; Plateforme \u00e9ducative\",\"url\":\"https:\/\/toutoui.musicalite.net\/\",\"logo\":{\"@type\":\"ImageObject\",\"inLanguage\":\"es\",\"@id\":\"https:\/\/toutoui.musicalite.net\/#\/schema\/logo\/image\/\",\"url\":\"https:\/\/toutoui.musicalite.net\/wp-content\/uploads\/2022\/09\/cropped-logo-M.001-1-e1662054287241-1.png\",\"contentUrl\":\"https:\/\/toutoui.musicalite.net\/wp-content\/uploads\/2022\/09\/cropped-logo-M.001-1-e1662054287241-1.png\",\"width\":512,\"height\":217,\"caption\":\"Toutoui &gt; Plateforme \u00e9ducative\"},\"image\":{\"@id\":\"https:\/\/toutoui.musicalite.net\/#\/schema\/logo\/image\/\"}}]}<\/script>\n<!-- \/ Yoast SEO plugin. -->","yoast_head_json":{"title":"Musicalit\u00e9 - guarder\u00edas - Toutoui &gt; Plateforme \u00e9ducative","description":"Des outils puissants et captivants au service du d\u00e9veloppement des enfants. Toutoui, un programme de musique et de mouvement efficace.","robots":{"index":"index","follow":"follow","max-snippet":"max-snippet:-1","max-image-preview":"max-image-preview:large","max-video-preview":"max-video-preview:-1"},"canonical":"https:\/\/toutoui.musicalite.net\/es\/guarderias\/","og_locale":"es_ES","og_type":"article","og_title":"Musicalit\u00e9 - guarder\u00edas - Toutoui &gt; Plateforme \u00e9ducative","og_description":"Outils puissants et captivants au service du d\u00e9veloppement","og_url":"https:\/\/toutoui.musicalite.net\/es\/guarderias\/","og_site_name":"Toutoui &gt; Plateforme \u00e9ducative","article_modified_time":"2022-10-25T21:35:56+00:00","og_image":[{"width":2124,"height":1701,"url":"https:\/\/toutoui.musicalite.net\/wp-content\/uploads\/2021\/11\/TOUTOUI.png","type":"image\/png"}],"twitter_card":"summary_large_image","twitter_title":"Toutoui programme musique et mouvement en ligne pour les enfants de 0 \u00e0 6 ans","twitter_description":"Outils puissants et captivants au service du d\u00e9veloppement","twitter_misc":{"Tiempo de lectura":"4 minutos"},"schema":{"@context":"https:\/\/schema.org","@graph":[{"@type":"WebPage","@id":"https:\/\/toutoui.musicalite.net\/es\/guarderias\/","url":"https:\/\/toutoui.musicalite.net\/es\/guarderias\/","name":"Musicalit\u00e9 - guarder\u00edas - Toutoui &gt; Plateforme \u00e9ducative","isPartOf":{"@id":"https:\/\/toutoui.musicalite.net\/#website"},"primaryImageOfPage":{"@id":"https:\/\/toutoui.musicalite.net\/es\/guarderias\/#primaryimage"},"image":{"@id":"https:\/\/toutoui.musicalite.net\/es\/guarderias\/#primaryimage"},"thumbnailUrl":"https:\/\/toutoui.musicalite.net\/wp-content\/uploads\/2021\/11\/TOUTOUI.png","datePublished":"2022-09-07T13:23:49+00:00","dateModified":"2022-10-25T21:35:56+00:00","description":"Des outils puissants et captivants au service du d\u00e9veloppement des enfants. Toutoui, un programme de musique et de mouvement efficace.","breadcrumb":{"@id":"https:\/\/toutoui.musicalite.net\/es\/guarderias\/#breadcrumb"},"inLanguage":"es","potentialAction":[{"@type":"ReadAction","target":["https:\/\/toutoui.musicalite.net\/es\/guarderias\/"]}]},{"@type":"ImageObject","inLanguage":"es","@id":"https:\/\/toutoui.musicalite.net\/es\/guarderias\/#primaryimage","url":"https:\/\/toutoui.musicalite.net\/wp-content\/uploads\/2021\/11\/TOUTOUI.png","contentUrl":"https:\/\/toutoui.musicalite.net\/wp-content\/uploads\/2021\/11\/TOUTOUI.png","width":2124,"height":1701},{"@type":"BreadcrumbList","@id":"https:\/\/toutoui.musicalite.net\/es\/guarderias\/#breadcrumb","itemListElement":[{"@type":"ListItem","position":1,"name":"Accueil","item":"https:\/\/toutoui.musicalite.net\/"},{"@type":"ListItem","position":2,"name":"Musicalit\u00e9 - guarder\u00edas"}]},{"@type":"WebSite","@id":"https:\/\/toutoui.musicalite.net\/#website","url":"https:\/\/toutoui.musicalite.net\/","name":"Toutoui &gt; Plateforme \u00e9ducative","description":"Musicalit\u00e9 en ligne","publisher":{"@id":"https:\/\/toutoui.musicalite.net\/#organization"},"potentialAction":[{"@type":"SearchAction","target":{"@type":"EntryPoint","urlTemplate":"https:\/\/toutoui.musicalite.net\/?s={search_term_string}"},"query-input":{"@type":"PropertyValueSpecification","valueRequired":true,"valueName":"search_term_string"}}],"inLanguage":"es"},{"@type":"Organization","@id":"https:\/\/toutoui.musicalite.net\/#organization","name":"Toutoui &gt; Plateforme \u00e9ducative","url":"https:\/\/toutoui.musicalite.net\/","logo":{"@type":"ImageObject","inLanguage":"es","@id":"https:\/\/toutoui.musicalite.net\/#\/schema\/logo\/image\/","url":"https:\/\/toutoui.musicalite.net\/wp-content\/uploads\/2022\/09\/cropped-logo-M.001-1-e1662054287241-1.png","contentUrl":"https:\/\/toutoui.musicalite.net\/wp-content\/uploads\/2022\/09\/cropped-logo-M.001-1-e1662054287241-1.png","width":512,"height":217,"caption":"Toutoui &gt; Plateforme \u00e9ducative"},"image":{"@id":"https:\/\/toutoui.musicalite.net\/#\/schema\/logo\/image\/"}}]}},"_links":{"self":[{"href":"https:\/\/toutoui.musicalite.net\/es\/wp-json\/wp\/v2\/pages\/4452","targetHints":{"allow":["GET"]}}],"collection":[{"href":"https:\/\/toutoui.musicalite.net\/es\/wp-json\/wp\/v2\/pages"}],"about":[{"href":"https:\/\/toutoui.musicalite.net\/es\/wp-json\/wp\/v2\/types\/page"}],"author":[{"embeddable":true,"href":"https:\/\/toutoui.musicalite.net\/es\/wp-json\/wp\/v2\/users\/1"}],"replies":[{"embeddable":true,"href":"https:\/\/toutoui.musicalite.net\/es\/wp-json\/wp\/v2\/comments?post=4452"}],"version-history":[{"count":0,"href":"https:\/\/toutoui.musicalite.net\/es\/wp-json\/wp\/v2\/pages\/4452\/revisions"}],"wp:featuredmedia":[{"embeddable":true,"href":"https:\/\/toutoui.musicalite.net\/es\/wp-json\/wp\/v2\/media\/3746"}],"wp:attachment":[{"href":"https:\/\/toutoui.musicalite.net\/es\/wp-json\/wp\/v2\/media?parent=4452"}],"curies":[{"name":"wp","href":"https:\/\/api.w.org\/{rel}","templated":true}]}}