{"id":5464,"date":"2022-10-19T15:28:59","date_gmt":"2022-10-19T19:28:59","guid":{"rendered":"https:\/\/toutoui.musicalite.net\/musicalite-bienfaits\/"},"modified":"2022-10-25T16:28:58","modified_gmt":"2022-10-25T20:28:58","slug":"beneficios","status":"publish","type":"page","link":"https:\/\/toutoui.musicalite.net\/es\/beneficios\/","title":{"rendered":"Musicalit\u00e9 &#8211; Beneficios"},"content":{"rendered":"\n\n\t\t\t\t<img loading=\"lazy\" decoding=\"async\" src=\"https:\/\/toutoui.musicalite.net\/wp-content\/uploads\/2022\/10\/logo-espanol-1.png\" alt=\"logo-espa\u00f1ol\" itemprop=\"image\" height=\"701\" width=\"1780\" title=\"logo-espa\u00f1ol\" onerror=\"this.style.display='none'\"  \/>\n\t<p>Los beneficios de esta experiencia musical!<\/p>\n\t<p>La m\u00fasica tiene numerosos impactos positivos en el desarrollo global de los ni\u00f1os. Est\u00e1 comprobado que practicarla regularmente durante los primeros siete a\u00f1os de vida, tiene impactos directos en la plasticidad y la conectividad en el cerebro.<\/p>\n\t\t\t\t<img loading=\"lazy\" decoding=\"async\" src=\"https:\/\/toutoui.musicalite.net\/wp-content\/uploads\/2022\/09\/alegria.jpg\" alt=\"alegria\" itemprop=\"image\" height=\"1075\" width=\"1283\" title=\"alegria\" onerror=\"this.style.display='none'\"  \/>\n\t<p>\u00a1 Adicionalmente, una experiencia musical en la ni\u00f1ez favorece la sensibilidad y el amor por la m\u00fasica !<\/p>\n\t<p>Cuanto m\u00e1s pronto la m\u00fasica se integra en la vida de los ni\u00f1os, los impactos a largo plazo, ser\u00e1n mayores.<\/p>\n\t\t\t\t<img loading=\"lazy\" decoding=\"async\" src=\"https:\/\/toutoui.musicalite.net\/wp-content\/uploads\/2022\/09\/lenguaje.png\" alt=\"lenguaje\" itemprop=\"image\" height=\"250\" width=\"290\" title=\"lenguaje\" onerror=\"this.style.display='none'\"  \/>\n<h1>\n\t\tLenguaje\n\t<\/h1>\n<p>\u00a1 El lenguaje y la m\u00fasica entran por los o\u00eddos ! Con la m\u00fasica desarrollamos la consciencia fonol\u00f3gica y el reconocimiento de las palabras. Adem\u00e1s, estimulamos la percepci\u00f3n auditiva, la memoria fonol\u00f3gica y el desarrollo de la capacidad de escucha en los ni\u00f1os.<\/p>\n\t\t\t\t<img loading=\"lazy\" decoding=\"async\" src=\"https:\/\/toutoui.musicalite.net\/wp-content\/uploads\/2022\/09\/sensorial.png\" alt=\"sensorial\" itemprop=\"image\" height=\"250\" width=\"290\" title=\"sensorial\" onerror=\"this.style.display='none'\"  \/>\n<h1>\n\t\tHabilidades  cognitivas y creatividad\n\t<\/h1>\n<p>El aprendizaje de la m\u00fasica tiene impactos en la memoria. Ha sido demostrado que la regi\u00f3n del l\u00f3bulo temporal izquierdo, el cual est\u00e1 ligado a la memoria verbal, se encuentra m\u00e1s desarrollado en los ni\u00f1os que practican la m\u00fasica de manera regular.<\/p>\n<p>Cuando los ni\u00f1os se aprenden las palabras de las canciones y los gestos que se asocian a \u00e9stas, preparan su cuerpo y mente para liberar su creatividad.<\/p>\n<h1>\n\t\tAtenci\u00f3n y capacidad de escucha\n\t<\/h1>\n<p>Cuando el movimiento del cuerpo est\u00e1 asociado al sonido, los ni\u00f1os est\u00e1n m\u00e1s atentos en la medida que deben responder con sus cuerpos a los diferentes est\u00edmulos sonoros. De esta manera, la atenci\u00f3n de los chicos se estimula y se mantiene. Los ni\u00f1os capaces de mantener la atenci\u00f3n por m\u00e1s tiempo son por lo general ni\u00f1os que cuentan con un aprendizaje m\u00e1s eficaz en su vida escolar.<\/p>\n<h1>\n\t\tMatem\u00e1ticas y razonamiento abstracto\n\t<\/h1>\n<p>Diversas investigaciones han indicado que varios componentes de la m\u00fasica contribuyen a un mejor manejo y entendimiento de las fracciones. El razonamiento abstracto puede ser mejorado con el estudio de la m\u00fasica desde la peque\u00f1a infancia.<\/p>\n\t\t\t\t<img loading=\"lazy\" decoding=\"async\" src=\"https:\/\/toutoui.musicalite.net\/wp-content\/uploads\/2022\/09\/movimiento-1.png\" alt=\"movimiento\" itemprop=\"image\" height=\"250\" width=\"290\" title=\"movimiento\" onerror=\"this.style.display='none'\"  \/>\n<h1>\n\t\tMotricidad y orientaci\u00f3n espacial \n\t<\/h1>\nEl aprendizaje de la m\u00fasica tiene impactos a nivel del desarrollo de los planos sensorial y motor, mejorando la planificaci\u00f3n y ejecuci\u00f3n de los movimientos.<br \/>\nLas actividades r\u00edtimicas tienen impactos positivos sobre la inteligencia corporal en la medida en que mejoran la coordinaci\u00f3n, el equilibrio, el tonus muscular y la orientaci\u00f3n espacial.\n<h1>\n\t\tMemoria corporal \n\t<\/h1>\n<p>El movimiento corporal es parte central del proceso de aprendizaje y estimula la memoria. Aprender a trav\u00e9s del movimiento f\u00edsico estimula el cerebro para mejor memorizar y aprender. Cuando todo el cuerpo se activa para aprender, este proceso se transforma en un aprendizaje a vida.<\/p>\n\t\t\t\t<img loading=\"lazy\" decoding=\"async\" src=\"https:\/\/toutoui.musicalite.net\/wp-content\/uploads\/2022\/09\/socio-afectivo-1.png\" alt=\"socio-afectivo\" itemprop=\"image\" height=\"250\" width=\"290\" title=\"socio-afectivo\" onerror=\"this.style.display='none'\"  \/>\n<h1>\n\t\tExpresividad e inteligencia emocional\n\t<\/h1>\n<p>Desarrollar la capacidad de expresar las emociones a trav\u00e9s del movimiento y de traducir con el cuerpo lo que el sonido les causa o genera, ayuda a los ni\u00f1os a tener m\u00e1s confianza en s\u00ed, desarrollando una expresi\u00f3n corporal m\u00e1s libre y natural. Desarrollar la expresividad de los ni\u00f1os estimula su inteligencia emocional, su seguridad y facilita la interacci\u00f3n con sus pares.<\/p>\n<h1>\n\t\tSentimiento de pertenencia y adaptabilidad\n\t<\/h1>\n\tParticipar colectivamente en un curso de m\u00fasica, entonar una canci\u00f3n al un\u00edsono con nuestros compa\u00f1eritos, compartir esos momeetos de alegr\u00eda y compincher\u00eda, generan lazos fuertes dentro de la comunidad. Es all\u00ed donde nos reconocemos como iguales, somo seres musicales.<br \/>\nCuando vivimos una experiencia musical din\u00e1mica, somos m\u00e1s conscientes de los ritmos y la intensidad. Lo que nos lleva a aprender a seguir la m\u00fasica con el cuerpo y la mente. Esto estimula en los ni\u00f1os su \u00a0capacidad de adaptaci\u00f3n a la vida social y a las din\u00e1micas de grupo.\n\t\t\t\t<img loading=\"lazy\" decoding=\"async\" src=\"https:\/\/toutoui.musicalite.net\/wp-content\/uploads\/2022\/09\/eveil.png\" alt=\"eveil\" itemprop=\"image\" height=\"250\" width=\"290\" title=\"eveil\" onerror=\"this.style.display='none'\"  \/>\n<h1>\n\t\tSeguridad y confianza en s\u00ed\n\t<\/h1>\n<p>El despertar sensorial es una dimensi\u00f3n esencial al desarrollo del ni\u00f1o, dado que all\u00ed se crea su relaci\u00f3n con el mundo que lo rodea. El material did\u00e1ctico, los instrumentos y trabajar con todo el cuerpo, ayudan \u00a0a desarrollar el sentido del tacto. Este \u00faltimo procura la confianza y un sentimiento de seguridad en los ni\u00f1os, lo que tiene implicaciones enormes en su comportamiento y en su capacidad de aprendizaje.<\/p>\n\t\t\t<a href=\"https:\/\/musicalite.net\/es\/conacto\/\" target=\"_blank\" role=\"button\" rel=\"noopener\">\n\t\t\t\t\t\t\tCONT\u00c1CTANOS\n\t\t\t\t\t<\/a>\n\n","protected":false},"excerpt":{"rendered":"<p>Los beneficios de esta experiencia musical! La m\u00fasica tiene numerosos impactos positivos en el desarrollo global de los ni\u00f1os. Est\u00e1 comprobado que practicarla regularmente durante los primeros siete a\u00f1os de vida, tiene impactos directos en la plasticidad y la conectividad en el cerebro. \u00a1 Adicionalmente, una experiencia musical en la ni\u00f1ez favorece la sensibilidad y [&hellip;]<\/p>\n","protected":false},"author":1,"featured_media":3746,"parent":0,"menu_order":0,"comment_status":"closed","ping_status":"closed","template":"","meta":{"site-sidebar-layout":"no-sidebar","site-content-layout":"page-builder","ast-site-content-layout":"default","site-content-style":"default","site-sidebar-style":"default","ast-global-header-display":"","ast-banner-title-visibility":"","ast-main-header-display":"","ast-hfb-above-header-display":"","ast-hfb-below-header-display":"","ast-hfb-mobile-header-display":"disabled","site-post-title":"disabled","ast-breadcrumbs-content":"disabled","ast-featured-img":"disabled","footer-sml-layout":"disabled","theme-transparent-header-meta":"default","adv-header-id-meta":"","stick-header-meta":"default","header-above-stick-meta":"","header-main-stick-meta":"","header-below-stick-meta":"","astra-migrate-meta-layouts":"default","ast-page-background-enabled":"default","ast-page-background-meta":{"desktop":{"background-color":"","background-image":"","background-repeat":"repeat","background-position":"center center","background-size":"auto","background-attachment":"scroll","background-type":"","background-media":"","overlay-type":"","overlay-color":"","overlay-opacity":"","overlay-gradient":""},"tablet":{"background-color":"","background-image":"","background-repeat":"repeat","background-position":"center center","background-size":"auto","background-attachment":"scroll","background-type":"","background-media":"","overlay-type":"","overlay-color":"","overlay-opacity":"","overlay-gradient":""},"mobile":{"background-color":"","background-image":"","background-repeat":"repeat","background-position":"center center","background-size":"auto","background-attachment":"scroll","background-type":"","background-media":"","overlay-type":"","overlay-color":"","overlay-opacity":"","overlay-gradient":""}},"ast-content-background-meta":{"desktop":{"background-color":"var(--ast-global-color-5)","background-image":"","background-repeat":"repeat","background-position":"center center","background-size":"auto","background-attachment":"scroll","background-type":"","background-media":"","overlay-type":"","overlay-color":"","overlay-opacity":"","overlay-gradient":""},"tablet":{"background-color":"var(--ast-global-color-5)","background-image":"","background-repeat":"repeat","background-position":"center center","background-size":"auto","background-attachment":"scroll","background-type":"","background-media":"","overlay-type":"","overlay-color":"","overlay-opacity":"","overlay-gradient":""},"mobile":{"background-color":"var(--ast-global-color-5)","background-image":"","background-repeat":"repeat","background-position":"center center","background-size":"auto","background-attachment":"scroll","background-type":"","background-media":"","overlay-type":"","overlay-color":"","overlay-opacity":"","overlay-gradient":""}},"footnotes":""},"class_list":["post-5464","page","type-page","status-publish","has-post-thumbnail","hentry"],"yoast_head":"<!-- This site is optimized with the Yoast SEO plugin v26.4 - https:\/\/yoast.com\/wordpress\/plugins\/seo\/ -->\n<title>Musicalit\u00e9 - Beneficios - Toutoui &gt; Plateforme \u00e9ducative<\/title>\n<meta name=\"description\" content=\"Des outils puissants et captivants au service du d\u00e9veloppement des enfants. Toutoui, un programme de musique et de mouvement efficace.\" \/>\n<meta name=\"robots\" content=\"index, follow, max-snippet:-1, max-image-preview:large, max-video-preview:-1\" \/>\n<link rel=\"canonical\" href=\"https:\/\/toutoui.musicalite.net\/es\/beneficios\/\" \/>\n<meta property=\"og:locale\" content=\"es_ES\" \/>\n<meta property=\"og:type\" content=\"article\" \/>\n<meta property=\"og:title\" content=\"Musicalit\u00e9 - Beneficios - Toutoui &gt; Plateforme \u00e9ducative\" \/>\n<meta property=\"og:description\" content=\"Outils puissants et captivants au service du d\u00e9veloppement\" \/>\n<meta property=\"og:url\" content=\"https:\/\/toutoui.musicalite.net\/es\/beneficios\/\" \/>\n<meta property=\"og:site_name\" content=\"Toutoui &gt; Plateforme \u00e9ducative\" \/>\n<meta property=\"article:modified_time\" content=\"2022-10-25T20:28:58+00:00\" \/>\n<meta property=\"og:image\" content=\"https:\/\/toutoui.musicalite.net\/wp-content\/uploads\/2021\/11\/TOUTOUI.png\" \/>\n\t<meta property=\"og:image:width\" content=\"2124\" \/>\n\t<meta property=\"og:image:height\" content=\"1701\" \/>\n\t<meta property=\"og:image:type\" content=\"image\/png\" \/>\n<meta name=\"twitter:card\" content=\"summary_large_image\" \/>\n<meta name=\"twitter:title\" content=\"Toutoui programme musique et mouvement en ligne pour les enfants de 0 \u00e0 6 ans\" \/>\n<meta name=\"twitter:description\" content=\"Outils puissants et captivants au service du d\u00e9veloppement\" \/>\n<meta name=\"twitter:label1\" content=\"Tiempo de lectura\" \/>\n\t<meta name=\"twitter:data1\" content=\"4 minutos\" \/>\n<script type=\"application\/ld+json\" class=\"yoast-schema-graph\">{\"@context\":\"https:\/\/schema.org\",\"@graph\":[{\"@type\":\"WebPage\",\"@id\":\"https:\/\/toutoui.musicalite.net\/es\/beneficios\/\",\"url\":\"https:\/\/toutoui.musicalite.net\/es\/beneficios\/\",\"name\":\"Musicalit\u00e9 - Beneficios - Toutoui &gt; Plateforme \u00e9ducative\",\"isPartOf\":{\"@id\":\"https:\/\/toutoui.musicalite.net\/#website\"},\"primaryImageOfPage\":{\"@id\":\"https:\/\/toutoui.musicalite.net\/es\/beneficios\/#primaryimage\"},\"image\":{\"@id\":\"https:\/\/toutoui.musicalite.net\/es\/beneficios\/#primaryimage\"},\"thumbnailUrl\":\"https:\/\/toutoui.musicalite.net\/wp-content\/uploads\/2021\/11\/TOUTOUI.png\",\"datePublished\":\"2022-10-19T19:28:59+00:00\",\"dateModified\":\"2022-10-25T20:28:58+00:00\",\"description\":\"Des outils puissants et captivants au service du d\u00e9veloppement des enfants. Toutoui, un programme de musique et de mouvement efficace.\",\"breadcrumb\":{\"@id\":\"https:\/\/toutoui.musicalite.net\/es\/beneficios\/#breadcrumb\"},\"inLanguage\":\"es\",\"potentialAction\":[{\"@type\":\"ReadAction\",\"target\":[\"https:\/\/toutoui.musicalite.net\/es\/beneficios\/\"]}]},{\"@type\":\"ImageObject\",\"inLanguage\":\"es\",\"@id\":\"https:\/\/toutoui.musicalite.net\/es\/beneficios\/#primaryimage\",\"url\":\"https:\/\/toutoui.musicalite.net\/wp-content\/uploads\/2021\/11\/TOUTOUI.png\",\"contentUrl\":\"https:\/\/toutoui.musicalite.net\/wp-content\/uploads\/2021\/11\/TOUTOUI.png\",\"width\":2124,\"height\":1701},{\"@type\":\"BreadcrumbList\",\"@id\":\"https:\/\/toutoui.musicalite.net\/es\/beneficios\/#breadcrumb\",\"itemListElement\":[{\"@type\":\"ListItem\",\"position\":1,\"name\":\"Accueil\",\"item\":\"https:\/\/toutoui.musicalite.net\/\"},{\"@type\":\"ListItem\",\"position\":2,\"name\":\"Musicalit\u00e9 - Beneficios\"}]},{\"@type\":\"WebSite\",\"@id\":\"https:\/\/toutoui.musicalite.net\/#website\",\"url\":\"https:\/\/toutoui.musicalite.net\/\",\"name\":\"Toutoui &gt; Plateforme \u00e9ducative\",\"description\":\"Musicalit\u00e9 en ligne\",\"publisher\":{\"@id\":\"https:\/\/toutoui.musicalite.net\/#organization\"},\"potentialAction\":[{\"@type\":\"SearchAction\",\"target\":{\"@type\":\"EntryPoint\",\"urlTemplate\":\"https:\/\/toutoui.musicalite.net\/?s={search_term_string}\"},\"query-input\":{\"@type\":\"PropertyValueSpecification\",\"valueRequired\":true,\"valueName\":\"search_term_string\"}}],\"inLanguage\":\"es\"},{\"@type\":\"Organization\",\"@id\":\"https:\/\/toutoui.musicalite.net\/#organization\",\"name\":\"Toutoui &gt; Plateforme \u00e9ducative\",\"url\":\"https:\/\/toutoui.musicalite.net\/\",\"logo\":{\"@type\":\"ImageObject\",\"inLanguage\":\"es\",\"@id\":\"https:\/\/toutoui.musicalite.net\/#\/schema\/logo\/image\/\",\"url\":\"https:\/\/toutoui.musicalite.net\/wp-content\/uploads\/2022\/09\/cropped-logo-M.001-1-e1662054287241-1.png\",\"contentUrl\":\"https:\/\/toutoui.musicalite.net\/wp-content\/uploads\/2022\/09\/cropped-logo-M.001-1-e1662054287241-1.png\",\"width\":512,\"height\":217,\"caption\":\"Toutoui &gt; Plateforme \u00e9ducative\"},\"image\":{\"@id\":\"https:\/\/toutoui.musicalite.net\/#\/schema\/logo\/image\/\"}}]}<\/script>\n<!-- \/ Yoast SEO plugin. -->","yoast_head_json":{"title":"Musicalit\u00e9 - Beneficios - Toutoui &gt; Plateforme \u00e9ducative","description":"Des outils puissants et captivants au service du d\u00e9veloppement des enfants. Toutoui, un programme de musique et de mouvement efficace.","robots":{"index":"index","follow":"follow","max-snippet":"max-snippet:-1","max-image-preview":"max-image-preview:large","max-video-preview":"max-video-preview:-1"},"canonical":"https:\/\/toutoui.musicalite.net\/es\/beneficios\/","og_locale":"es_ES","og_type":"article","og_title":"Musicalit\u00e9 - Beneficios - Toutoui &gt; Plateforme \u00e9ducative","og_description":"Outils puissants et captivants au service du d\u00e9veloppement","og_url":"https:\/\/toutoui.musicalite.net\/es\/beneficios\/","og_site_name":"Toutoui &gt; Plateforme \u00e9ducative","article_modified_time":"2022-10-25T20:28:58+00:00","og_image":[{"width":2124,"height":1701,"url":"https:\/\/toutoui.musicalite.net\/wp-content\/uploads\/2021\/11\/TOUTOUI.png","type":"image\/png"}],"twitter_card":"summary_large_image","twitter_title":"Toutoui programme musique et mouvement en ligne pour les enfants de 0 \u00e0 6 ans","twitter_description":"Outils puissants et captivants au service du d\u00e9veloppement","twitter_misc":{"Tiempo de lectura":"4 minutos"},"schema":{"@context":"https:\/\/schema.org","@graph":[{"@type":"WebPage","@id":"https:\/\/toutoui.musicalite.net\/es\/beneficios\/","url":"https:\/\/toutoui.musicalite.net\/es\/beneficios\/","name":"Musicalit\u00e9 - Beneficios - Toutoui &gt; Plateforme \u00e9ducative","isPartOf":{"@id":"https:\/\/toutoui.musicalite.net\/#website"},"primaryImageOfPage":{"@id":"https:\/\/toutoui.musicalite.net\/es\/beneficios\/#primaryimage"},"image":{"@id":"https:\/\/toutoui.musicalite.net\/es\/beneficios\/#primaryimage"},"thumbnailUrl":"https:\/\/toutoui.musicalite.net\/wp-content\/uploads\/2021\/11\/TOUTOUI.png","datePublished":"2022-10-19T19:28:59+00:00","dateModified":"2022-10-25T20:28:58+00:00","description":"Des outils puissants et captivants au service du d\u00e9veloppement des enfants. Toutoui, un programme de musique et de mouvement efficace.","breadcrumb":{"@id":"https:\/\/toutoui.musicalite.net\/es\/beneficios\/#breadcrumb"},"inLanguage":"es","potentialAction":[{"@type":"ReadAction","target":["https:\/\/toutoui.musicalite.net\/es\/beneficios\/"]}]},{"@type":"ImageObject","inLanguage":"es","@id":"https:\/\/toutoui.musicalite.net\/es\/beneficios\/#primaryimage","url":"https:\/\/toutoui.musicalite.net\/wp-content\/uploads\/2021\/11\/TOUTOUI.png","contentUrl":"https:\/\/toutoui.musicalite.net\/wp-content\/uploads\/2021\/11\/TOUTOUI.png","width":2124,"height":1701},{"@type":"BreadcrumbList","@id":"https:\/\/toutoui.musicalite.net\/es\/beneficios\/#breadcrumb","itemListElement":[{"@type":"ListItem","position":1,"name":"Accueil","item":"https:\/\/toutoui.musicalite.net\/"},{"@type":"ListItem","position":2,"name":"Musicalit\u00e9 - Beneficios"}]},{"@type":"WebSite","@id":"https:\/\/toutoui.musicalite.net\/#website","url":"https:\/\/toutoui.musicalite.net\/","name":"Toutoui &gt; Plateforme \u00e9ducative","description":"Musicalit\u00e9 en ligne","publisher":{"@id":"https:\/\/toutoui.musicalite.net\/#organization"},"potentialAction":[{"@type":"SearchAction","target":{"@type":"EntryPoint","urlTemplate":"https:\/\/toutoui.musicalite.net\/?s={search_term_string}"},"query-input":{"@type":"PropertyValueSpecification","valueRequired":true,"valueName":"search_term_string"}}],"inLanguage":"es"},{"@type":"Organization","@id":"https:\/\/toutoui.musicalite.net\/#organization","name":"Toutoui &gt; Plateforme \u00e9ducative","url":"https:\/\/toutoui.musicalite.net\/","logo":{"@type":"ImageObject","inLanguage":"es","@id":"https:\/\/toutoui.musicalite.net\/#\/schema\/logo\/image\/","url":"https:\/\/toutoui.musicalite.net\/wp-content\/uploads\/2022\/09\/cropped-logo-M.001-1-e1662054287241-1.png","contentUrl":"https:\/\/toutoui.musicalite.net\/wp-content\/uploads\/2022\/09\/cropped-logo-M.001-1-e1662054287241-1.png","width":512,"height":217,"caption":"Toutoui &gt; Plateforme \u00e9ducative"},"image":{"@id":"https:\/\/toutoui.musicalite.net\/#\/schema\/logo\/image\/"}}]}},"_links":{"self":[{"href":"https:\/\/toutoui.musicalite.net\/es\/wp-json\/wp\/v2\/pages\/5464","targetHints":{"allow":["GET"]}}],"collection":[{"href":"https:\/\/toutoui.musicalite.net\/es\/wp-json\/wp\/v2\/pages"}],"about":[{"href":"https:\/\/toutoui.musicalite.net\/es\/wp-json\/wp\/v2\/types\/page"}],"author":[{"embeddable":true,"href":"https:\/\/toutoui.musicalite.net\/es\/wp-json\/wp\/v2\/users\/1"}],"replies":[{"embeddable":true,"href":"https:\/\/toutoui.musicalite.net\/es\/wp-json\/wp\/v2\/comments?post=5464"}],"version-history":[{"count":0,"href":"https:\/\/toutoui.musicalite.net\/es\/wp-json\/wp\/v2\/pages\/5464\/revisions"}],"wp:featuredmedia":[{"embeddable":true,"href":"https:\/\/toutoui.musicalite.net\/es\/wp-json\/wp\/v2\/media\/3746"}],"wp:attachment":[{"href":"https:\/\/toutoui.musicalite.net\/es\/wp-json\/wp\/v2\/media?parent=5464"}],"curies":[{"name":"wp","href":"https:\/\/api.w.org\/{rel}","templated":true}]}}