{"id":5469,"date":"2022-10-19T15:32:51","date_gmt":"2022-10-19T19:32:51","guid":{"rendered":"https:\/\/toutoui.musicalite.net\/musicalite-conditions-dutilisation\/"},"modified":"2022-10-26T15:15:18","modified_gmt":"2022-10-26T19:15:18","slug":"musicalite-conditions-dutilisation","status":"publish","type":"page","link":"https:\/\/toutoui.musicalite.net\/es\/musicalite-conditions-dutilisation\/","title":{"rendered":"Musicalit\u00e9- Conditions d&#8217;utilisation"},"content":{"rendered":"\n\n\t\t\t\t<img loading=\"lazy\" decoding=\"async\" src=\"https:\/\/toutoui.musicalite.net\/wp-content\/uploads\/2022\/10\/logo-espanol-1-300x118.png\" alt=\"logo-espa\u00f1ol\" itemprop=\"image\" height=\"118\" width=\"300\" title=\"logo-espa\u00f1ol\" onerror=\"this.style.display='none'\"  \/>\n\t<p><b>CONDICIONES DE UTILIZACI\u00d3N<\/b><\/p>\n<p>Musicalit\u00e9 utilise une <b>Plateforme \u00e9ducative (https:\/\/toutoui.musicalite.net)\u00a0<\/b>qui fournit des contenus \u00e9ducatifs, information, mat\u00e9riel \u00e9ducatif, vid\u00e9o et musique.<\/p>\n<p>L&#8217;utilisateur inclut toutes les personnes qui interagissent ou ont acc\u00e8s \u00e0 la Plateforme.<\/p>\n<p>Veuillez en prendre connaissance avant d&#8217;utiliser la Plateforme.\u00a0Si vous utilisez la Plateforme, vous reconnaissez avoir lu et compris les termes et les conditions \u00e9num\u00e9r\u00e9es ci-dessous et vous acceptez d&#8217;y \u00eatre li\u00e9 sans limites ni r\u00e9serve.\u00a0Si vous ne voulez pas \u00eatre li\u00e9 par ces conditions, vous ne pouvez pas utiliser cette Plateforme.<\/p>\n<p><strong>a) Lieu d&#8217;exploitation et juridiction<\/strong><\/p>\n<p>Musicalit\u00e9 exploite sa plateforme \u00e0 partir de ses bureaux situ\u00e9s \u00e0 Montr\u00e9al.\u00a0 Les personnes qui choisissent d&#8217;utiliser la Plateforme le font de leur propre gr\u00e9 et il leur appartient de se conformer \u00e0 toutes les lois locales applicables sur le territoire de la province de Qu\u00e9bec. Elles reconnaissent que les tribunaux de la province de Qu\u00e9bec seront les seuls comp\u00e9tents \u00e0 trancher tout litige pouvant d\u00e9couler de l&#8217;utilisation de la Plateforme.<\/p>\n<p><strong>b) Contenus de la Plateforme et utilisation<\/strong><\/p>\n<p>Tous les \u00e9l\u00e9ments contenus dans le Site, tels la musique, textes, articles, photographies, illustrations, images, vid\u00e9os ou mat\u00e9riel audio sont la propri\u00e9t\u00e9 de Musicalit\u00e9. Aucun \u00e9l\u00e9ment du Site ne peut \u00eatre copi\u00e9, reproduit, distribu\u00e9, publi\u00e9, traduit, t\u00e9l\u00e9charg\u00e9, affich\u00e9 ou transmis, de quelque fa\u00e7on que ce soit, sans la permission pr\u00e9alable \u00e9crite de Musicalit\u00e9. Il est permis d&#8217;afficher ou de t\u00e9l\u00e9charger des \u00e9l\u00e9ments du Site uniquement \u00e0 des fins d&#8217;utilisation personnelle, non commerciales, pourvu qu&#8217;aucune modification ne soit apport\u00e9e et que tous les avis de propri\u00e9t\u00e9 intellectuelle soient affich\u00e9s int\u00e9gralement.<\/p>\n<p><strong>c) Logos et marques de commerce<\/strong><\/p>\n<p>Les marques de commerce et logos utilis\u00e9s ou affich\u00e9s dans la Plateforme sont des marques de commerce enregistr\u00e9es ou non par Musicalit\u00e9 ou par des tiers. Rien dans la Plateforme ne peut \u00eatre interpr\u00e9t\u00e9 comme une permission directe ou indirecte d&#8217;utiliser l&#8217;une ou l&#8217;autre de ces marques, sans la permission pr\u00e9alable \u00e9crite du propri\u00e9taire de ladite marque de commerce.<\/p>\n<p><strong>d) Limitation et clause de non- responsabilit\u00e9<\/strong><\/p>\n<p>Musicalit\u00e9 rend cette Plateforme et les informations et services contenus dans le pr\u00e9sent site disponible au grand public. Bien qu&#8217;en toute bonne foi Musicalit\u00e9\u00a0 exerce tout en son pouvoir afin de pr\u00e9senter des informations exactes et fiables sur cette Plateforme. Musicalit\u00e9 n&#8217;endosse pas, n&#8217;approuve pas ou ne certifie pas ces informations, pas plus qu&#8217;elle ne garantit l&#8217;exactitude, l&#8217;int\u00e9gralit\u00e9, l&#8217;efficacit\u00e9 ou l&#8217;actualit\u00e9 de ces informations. Cette clause de non-responsabilit\u00e9 se rapporte autant au site Internet de Musicalit\u00e9, et la Plateforme qu&#8217;aux liens vers des sites Internet externes. Musicalit\u00e9\u00a0 n&#8217;assume aucune responsabilit\u00e9 pour les cons\u00e9quences r\u00e9sultant de l&#8217;utilisation de l&#8217;information contenue dans le pr\u00e9sent site, ou de l&#8217;utilisation de l&#8217;information obtenue sur des sites li\u00e9s, ou d&#8217;aucune fa\u00e7on pour le contenu de telles informations.\u00a0<\/p>\n<p>Toute r\u00e9f\u00e9rence \u00e0 tout produit, proc\u00e9d\u00e9 ou service commercial sp\u00e9cifiques ne constitue pas ou n&#8217;implique aucun endossement, recommandation ou pr\u00e9f\u00e9rence par Musicalit\u00e9 .<\/p>\n<p><strong>e) Non -garantie\u00a0<\/strong><\/p>\n<p>Tous les \u00e9l\u00e9ments contenus dans la Plateforme et la Plateforme elle-m\u00eame sont fournis tels quels, sans aucune garantie, implicite ou explicite. Sous r\u00e9serve de toute l\u00e9gislation d&#8217;ordre public \u00e0 l&#8217;effet contraire, \u00ab Musicalit\u00e9 \u00bb d\u00e9cline toute responsabilit\u00e9 et ne donne aucune garantie, notamment les garanties de qualit\u00e9 marchande, de fonctionnalit\u00e9 ou quant \u00e0 l&#8217;\u00e9tat de la Plateforme, \u00e0 son utilisation sans interruption, d&#8217;absence de contrefa\u00e7on, d&#8217;exactitude, d&#8217;absence de virus ou de convenance \u00e0 un usage particulier ou celles convenant de la loi ou autrement. De plus, \u00ab Musicalit\u00e9\u00a0 \u00bb ne fait aucune repr\u00e9sentation relative \u00e0\u00a0 l&#8217;utilisation, la validit\u00e9, l&#8217;exactitude ou la fiabilit\u00e9 des \u00e9l\u00e9ments reproduits dans sa plateforme ou quant aux r\u00e9sultats d\u00e9coulant de l&#8217;utilisation de tels \u00e9l\u00e9ments. \u00ab Musicalit\u00e9\u00a0 \u00bb fait tout son possible pour que la Plateforme ne contienne aucune erreur et d\u00e9cline toute responsabilit\u00e9 relativement \u00e0 toute erreur \u00e9ventuelle. Musicalit\u00e9 , ses dirigeants, ses employ\u00e9s, ses collaborateurs, ses repr\u00e9sentants ou ses agents ne pourront en aucun cas \u00eatre tenus responsables de tout dommage quel qu&#8217;il soit reli\u00e9 directement ou indirectement \u00e0 l&#8217;utilisation de la Plateforme ou de sites partenaires, fournisseurs et\/ou agents.<\/p>\n<p>Les exclusions et limitations susmentionn\u00e9es s&#8217;appliquent que les r\u00e9clamations, pertes, co\u00fbts ou dommages soient fond\u00e9s sur un contrat (y compris un manquement \u00e0 une condition essentielle d&#8217;un contrat), sur un d\u00e9lit ou sur toute autre th\u00e9orie de la responsabilit\u00e9, et ces limitations et exclusions s&#8217;appliquent m\u00eame si Musicalit\u00e9\u00a0 a \u00e9t\u00e9 avis\u00e9 de la possibilit\u00e9 de telles r\u00e9clamations ou pertes ou encore de tels co\u00fbts ou dommages.<\/p>\n<p>Nonobstant ce qui pr\u00e9c\u00e8de, la responsabilit\u00e9 globale de Musicalit\u00e9 , ses partenaires, fournisseurs et\/ou agents d\u00e9coulant de n&#8217;importe quelle cause (y compris, sans y \u00eatre limit\u00e9, la rupture de contrat, la n\u00e9gligence, la faute lourde ou autre cause) ne peuvent en aucun cas \u00eatre sup\u00e9rieurs au montant que vous avez pay\u00e9 en vertu de ce contrat pour le produit ou service particulier auquel la r\u00e9clamation se rapporte.<\/p>\n<p><strong><i>Exclusions et limitations\u00a0<\/i><\/strong><\/p>\n<p>Certaines provinces n&#8217;autorisent pas l&#8217;exclusion de certaines garanties ou conditions implicites dans les transactions avec un consommateur et\/ou l&#8217;exclusion ou la limitation de dommages moraux, corporels, accessoires ou cons\u00e9cutifs. Par cons\u00e9quent, les stipulations d&#8217;exon\u00e9ration ci-dessus peuvent ne pas s&#8217;appliquer dans votre cas.<\/p>\n<p><strong>f) Liens vers d&#8217;autres sites Web<\/strong><\/p>\n<p>La Plateforme comporte des liens vers des sites Web exploit\u00e9s par d&#8217;autres entreprises. Le cas \u00e9ch\u00e9ant, il importe de pr\u00e9ciser que \u00ab Musicalit\u00e9\u00a0 \u00bb n&#8217;exerce aucun contr\u00f4le sur l&#8217;exploitation de ces sites. Le fait qu&#8217;ils soient r\u00e9pertori\u00e9s dans sa plateforme n&#8217;engage en aucune fa\u00e7on la responsabilit\u00e9 de Musicalit\u00e9.\u00a0<\/p>\n<p>Cette Plateforme peut contenir d&#8217;autres avis de propri\u00e9t\u00e9 et de copyright, dont les modalit\u00e9s doivent \u00eatre observ\u00e9es et respect\u00e9es. Les informations sur cette Plateforme peuvent contenir des inexactitudes techniques ou des erreurs typographiques. L&#8217;information, y compris le prix et la disponibilit\u00e9 du produit ou service, peut \u00eatre modifi\u00e9e ou mise \u00e0 jour sans pr\u00e9avis.<\/p>\n<p>Musicalit\u00e9\u00a0 et ses filiales se r\u00e9servent le droit de refuser le service, terminer des comptes, et\/ou annuler des commandes \u00e0 sa discr\u00e9tion, y compris, sans limitation, si Musicalit\u00e9\u00a0 estime que le comportement du client viole les lois applicables ou est nuisible aux int\u00e9r\u00eats de Musicalit\u00e9\u00a0 et de ses filiales.<\/p>\n<p><strong>g) Paiement<\/strong><\/p>\n<p>Toute correspondance, relation commerciale avec des tiers par l&#8217;interm\u00e9diaire de la Plateforme, y comprit le paiement de biens ou des Services, le cas \u00e9ch\u00e9ant, ou tout autre terme, condition, garantie ou d\u00e9claration en relation avec ces op\u00e9rations, se fait directement entre vous et le tiers. En cons\u00e9quence Musicalit\u00e9 ne peut en aucun temps \u00eatre tenu responsable de toute perte ou de tout dommage, quel qu&#8217;il soit, cons\u00e9cutif \u00e0 cette relation ou \u00e0 l&#8217;utilisation de renseignements fournis \u00e0 un tiers dans le cadre d&#8217;une telle relation, incluant, sans limiter la g\u00e9n\u00e9ralit\u00e9 de ce qui pr\u00e9c\u00e8de, tous renseignements relatifs \u00e0 une carte de cr\u00e9dit.<\/p>\n<p><strong>H) Modification des conditions<\/strong><\/p>\n<p>Musicalit\u00e9 peut modifier les conditions d&#8217;utilisation de la Plateforme en tout temps et vous acceptez d&#8217;\u00eatre li\u00e9(e) par les conditions d&#8217;utilisation qui sont en vigueur au moment o\u00f9 vous acc\u00e9dez \u00e0 la Plateforme ou utilisez n&#8217;importe lequel des services ou effectuez n&#8217;importe quelles transactions.<\/p>\n\n\n","protected":false},"excerpt":{"rendered":"<p>CONDICIONES DE UTILIZACI\u00d3N Musicalit\u00e9 utilise une Plateforme \u00e9ducative (https:\/\/toutoui.musicalite.net)\u00a0qui fournit des contenus \u00e9ducatifs, information, mat\u00e9riel \u00e9ducatif, vid\u00e9o et musique. L&#8217;utilisateur inclut toutes les personnes qui interagissent ou ont acc\u00e8s \u00e0 la Plateforme. Veuillez en prendre connaissance avant d&#8217;utiliser la Plateforme.\u00a0Si vous utilisez la Plateforme, vous reconnaissez avoir lu et compris les termes et les conditions [&hellip;]<\/p>\n","protected":false},"author":1,"featured_media":0,"parent":0,"menu_order":0,"comment_status":"closed","ping_status":"closed","template":"","meta":{"site-sidebar-layout":"default","site-content-layout":"default","ast-site-content-layout":"default","site-content-style":"default","site-sidebar-style":"default","ast-global-header-display":"","ast-banner-title-visibility":"","ast-main-header-display":"","ast-hfb-above-header-display":"","ast-hfb-below-header-display":"","ast-hfb-mobile-header-display":"disabled","site-post-title":"disabled","ast-breadcrumbs-content":"disabled","ast-featured-img":"disabled","footer-sml-layout":"disabled","theme-transparent-header-meta":"default","adv-header-id-meta":"","stick-header-meta":"default","header-above-stick-meta":"","header-main-stick-meta":"","header-below-stick-meta":"","astra-migrate-meta-layouts":"default","ast-page-background-enabled":"default","ast-page-background-meta":{"desktop":{"background-color":"","background-image":"","background-repeat":"repeat","background-position":"center center","background-size":"auto","background-attachment":"scroll","background-type":"","background-media":"","overlay-type":"","overlay-color":"","overlay-opacity":"","overlay-gradient":""},"tablet":{"background-color":"","background-image":"","background-repeat":"repeat","background-position":"center center","background-size":"auto","background-attachment":"scroll","background-type":"","background-media":"","overlay-type":"","overlay-color":"","overlay-opacity":"","overlay-gradient":""},"mobile":{"background-color":"","background-image":"","background-repeat":"repeat","background-position":"center center","background-size":"auto","background-attachment":"scroll","background-type":"","background-media":"","overlay-type":"","overlay-color":"","overlay-opacity":"","overlay-gradient":""}},"ast-content-background-meta":{"desktop":{"background-color":"var(--ast-global-color-5)","background-image":"","background-repeat":"repeat","background-position":"center center","background-size":"auto","background-attachment":"scroll","background-type":"","background-media":"","overlay-type":"","overlay-color":"","overlay-opacity":"","overlay-gradient":""},"tablet":{"background-color":"var(--ast-global-color-5)","background-image":"","background-repeat":"repeat","background-position":"center center","background-size":"auto","background-attachment":"scroll","background-type":"","background-media":"","overlay-type":"","overlay-color":"","overlay-opacity":"","overlay-gradient":""},"mobile":{"background-color":"var(--ast-global-color-5)","background-image":"","background-repeat":"repeat","background-position":"center center","background-size":"auto","background-attachment":"scroll","background-type":"","background-media":"","overlay-type":"","overlay-color":"","overlay-opacity":"","overlay-gradient":""}},"footnotes":""},"class_list":["post-5469","page","type-page","status-publish","hentry"],"yoast_head":"<!-- This site is optimized with the Yoast SEO plugin v26.4 - https:\/\/yoast.com\/wordpress\/plugins\/seo\/ -->\n<title>Musicalit\u00e9- Conditions d&#039;utilisation - Toutoui &gt; Plateforme \u00e9ducative<\/title>\n<meta name=\"robots\" content=\"index, follow, max-snippet:-1, max-image-preview:large, max-video-preview:-1\" \/>\n<link rel=\"canonical\" href=\"https:\/\/toutoui.musicalite.net\/es\/musicalite-conditions-dutilisation\/\" \/>\n<meta property=\"og:locale\" content=\"es_ES\" \/>\n<meta property=\"og:type\" content=\"article\" \/>\n<meta property=\"og:title\" content=\"Musicalit\u00e9- Conditions d&#039;utilisation - Toutoui &gt; Plateforme \u00e9ducative\" \/>\n<meta property=\"og:description\" content=\"CONDICIONES DE UTILIZACI\u00d3N Musicalit\u00e9 utilise une Plateforme \u00e9ducative (https:\/\/toutoui.musicalite.net)\u00a0qui fournit des contenus \u00e9ducatifs, information, mat\u00e9riel \u00e9ducatif, vid\u00e9o et musique. L&#8217;utilisateur inclut toutes les personnes qui interagissent ou ont acc\u00e8s \u00e0 la Plateforme. Veuillez en prendre connaissance avant d&#8217;utiliser la Plateforme.\u00a0Si vous utilisez la Plateforme, vous reconnaissez avoir lu et compris les termes et les conditions [&hellip;]\" \/>\n<meta property=\"og:url\" content=\"https:\/\/toutoui.musicalite.net\/es\/musicalite-conditions-dutilisation\/\" \/>\n<meta property=\"og:site_name\" content=\"Toutoui &gt; Plateforme \u00e9ducative\" \/>\n<meta property=\"article:modified_time\" content=\"2022-10-26T19:15:18+00:00\" \/>\n<meta property=\"og:image\" content=\"https:\/\/toutoui.musicalite.net\/wp-content\/uploads\/2022\/10\/logo-espanol-1-300x118.png\" \/>\n<meta name=\"twitter:card\" content=\"summary_large_image\" \/>\n<meta name=\"twitter:label1\" content=\"Tiempo de lectura\" \/>\n\t<meta name=\"twitter:data1\" content=\"6 minutos\" \/>\n<script type=\"application\/ld+json\" class=\"yoast-schema-graph\">{\"@context\":\"https:\/\/schema.org\",\"@graph\":[{\"@type\":\"WebPage\",\"@id\":\"https:\/\/toutoui.musicalite.net\/es\/musicalite-conditions-dutilisation\/\",\"url\":\"https:\/\/toutoui.musicalite.net\/es\/musicalite-conditions-dutilisation\/\",\"name\":\"Musicalit\u00e9- Conditions d'utilisation - Toutoui &gt; Plateforme \u00e9ducative\",\"isPartOf\":{\"@id\":\"https:\/\/toutoui.musicalite.net\/#website\"},\"primaryImageOfPage\":{\"@id\":\"https:\/\/toutoui.musicalite.net\/es\/musicalite-conditions-dutilisation\/#primaryimage\"},\"image\":{\"@id\":\"https:\/\/toutoui.musicalite.net\/es\/musicalite-conditions-dutilisation\/#primaryimage\"},\"thumbnailUrl\":\"https:\/\/toutoui.musicalite.net\/wp-content\/uploads\/2022\/10\/logo-espanol-1-300x118.png\",\"datePublished\":\"2022-10-19T19:32:51+00:00\",\"dateModified\":\"2022-10-26T19:15:18+00:00\",\"breadcrumb\":{\"@id\":\"https:\/\/toutoui.musicalite.net\/es\/musicalite-conditions-dutilisation\/#breadcrumb\"},\"inLanguage\":\"es\",\"potentialAction\":[{\"@type\":\"ReadAction\",\"target\":[\"https:\/\/toutoui.musicalite.net\/es\/musicalite-conditions-dutilisation\/\"]}]},{\"@type\":\"ImageObject\",\"inLanguage\":\"es\",\"@id\":\"https:\/\/toutoui.musicalite.net\/es\/musicalite-conditions-dutilisation\/#primaryimage\",\"url\":\"https:\/\/toutoui.musicalite.net\/wp-content\/uploads\/2022\/10\/logo-espanol-1-300x118.png\",\"contentUrl\":\"https:\/\/toutoui.musicalite.net\/wp-content\/uploads\/2022\/10\/logo-espanol-1-300x118.png\"},{\"@type\":\"BreadcrumbList\",\"@id\":\"https:\/\/toutoui.musicalite.net\/es\/musicalite-conditions-dutilisation\/#breadcrumb\",\"itemListElement\":[{\"@type\":\"ListItem\",\"position\":1,\"name\":\"Accueil\",\"item\":\"https:\/\/toutoui.musicalite.net\/\"},{\"@type\":\"ListItem\",\"position\":2,\"name\":\"Musicalit\u00e9- Conditions d'utilisation\"}]},{\"@type\":\"WebSite\",\"@id\":\"https:\/\/toutoui.musicalite.net\/#website\",\"url\":\"https:\/\/toutoui.musicalite.net\/\",\"name\":\"Toutoui &gt; Plateforme \u00e9ducative\",\"description\":\"Musicalit\u00e9 en ligne\",\"publisher\":{\"@id\":\"https:\/\/toutoui.musicalite.net\/#organization\"},\"potentialAction\":[{\"@type\":\"SearchAction\",\"target\":{\"@type\":\"EntryPoint\",\"urlTemplate\":\"https:\/\/toutoui.musicalite.net\/?s={search_term_string}\"},\"query-input\":{\"@type\":\"PropertyValueSpecification\",\"valueRequired\":true,\"valueName\":\"search_term_string\"}}],\"inLanguage\":\"es\"},{\"@type\":\"Organization\",\"@id\":\"https:\/\/toutoui.musicalite.net\/#organization\",\"name\":\"Toutoui &gt; Plateforme \u00e9ducative\",\"url\":\"https:\/\/toutoui.musicalite.net\/\",\"logo\":{\"@type\":\"ImageObject\",\"inLanguage\":\"es\",\"@id\":\"https:\/\/toutoui.musicalite.net\/#\/schema\/logo\/image\/\",\"url\":\"https:\/\/toutoui.musicalite.net\/wp-content\/uploads\/2022\/09\/cropped-logo-M.001-1-e1662054287241-1.png\",\"contentUrl\":\"https:\/\/toutoui.musicalite.net\/wp-content\/uploads\/2022\/09\/cropped-logo-M.001-1-e1662054287241-1.png\",\"width\":512,\"height\":217,\"caption\":\"Toutoui &gt; Plateforme \u00e9ducative\"},\"image\":{\"@id\":\"https:\/\/toutoui.musicalite.net\/#\/schema\/logo\/image\/\"}}]}<\/script>\n<!-- \/ Yoast SEO plugin. -->","yoast_head_json":{"title":"Musicalit\u00e9- Conditions d'utilisation - Toutoui &gt; Plateforme \u00e9ducative","robots":{"index":"index","follow":"follow","max-snippet":"max-snippet:-1","max-image-preview":"max-image-preview:large","max-video-preview":"max-video-preview:-1"},"canonical":"https:\/\/toutoui.musicalite.net\/es\/musicalite-conditions-dutilisation\/","og_locale":"es_ES","og_type":"article","og_title":"Musicalit\u00e9- Conditions d'utilisation - Toutoui &gt; Plateforme \u00e9ducative","og_description":"CONDICIONES DE UTILIZACI\u00d3N Musicalit\u00e9 utilise une Plateforme \u00e9ducative (https:\/\/toutoui.musicalite.net)\u00a0qui fournit des contenus \u00e9ducatifs, information, mat\u00e9riel \u00e9ducatif, vid\u00e9o et musique. L&#8217;utilisateur inclut toutes les personnes qui interagissent ou ont acc\u00e8s \u00e0 la Plateforme. Veuillez en prendre connaissance avant d&#8217;utiliser la Plateforme.\u00a0Si vous utilisez la Plateforme, vous reconnaissez avoir lu et compris les termes et les conditions [&hellip;]","og_url":"https:\/\/toutoui.musicalite.net\/es\/musicalite-conditions-dutilisation\/","og_site_name":"Toutoui &gt; Plateforme \u00e9ducative","article_modified_time":"2022-10-26T19:15:18+00:00","og_image":[{"url":"https:\/\/toutoui.musicalite.net\/wp-content\/uploads\/2022\/10\/logo-espanol-1-300x118.png","type":"","width":"","height":""}],"twitter_card":"summary_large_image","twitter_misc":{"Tiempo de lectura":"6 minutos"},"schema":{"@context":"https:\/\/schema.org","@graph":[{"@type":"WebPage","@id":"https:\/\/toutoui.musicalite.net\/es\/musicalite-conditions-dutilisation\/","url":"https:\/\/toutoui.musicalite.net\/es\/musicalite-conditions-dutilisation\/","name":"Musicalit\u00e9- Conditions d'utilisation - Toutoui &gt; Plateforme \u00e9ducative","isPartOf":{"@id":"https:\/\/toutoui.musicalite.net\/#website"},"primaryImageOfPage":{"@id":"https:\/\/toutoui.musicalite.net\/es\/musicalite-conditions-dutilisation\/#primaryimage"},"image":{"@id":"https:\/\/toutoui.musicalite.net\/es\/musicalite-conditions-dutilisation\/#primaryimage"},"thumbnailUrl":"https:\/\/toutoui.musicalite.net\/wp-content\/uploads\/2022\/10\/logo-espanol-1-300x118.png","datePublished":"2022-10-19T19:32:51+00:00","dateModified":"2022-10-26T19:15:18+00:00","breadcrumb":{"@id":"https:\/\/toutoui.musicalite.net\/es\/musicalite-conditions-dutilisation\/#breadcrumb"},"inLanguage":"es","potentialAction":[{"@type":"ReadAction","target":["https:\/\/toutoui.musicalite.net\/es\/musicalite-conditions-dutilisation\/"]}]},{"@type":"ImageObject","inLanguage":"es","@id":"https:\/\/toutoui.musicalite.net\/es\/musicalite-conditions-dutilisation\/#primaryimage","url":"https:\/\/toutoui.musicalite.net\/wp-content\/uploads\/2022\/10\/logo-espanol-1-300x118.png","contentUrl":"https:\/\/toutoui.musicalite.net\/wp-content\/uploads\/2022\/10\/logo-espanol-1-300x118.png"},{"@type":"BreadcrumbList","@id":"https:\/\/toutoui.musicalite.net\/es\/musicalite-conditions-dutilisation\/#breadcrumb","itemListElement":[{"@type":"ListItem","position":1,"name":"Accueil","item":"https:\/\/toutoui.musicalite.net\/"},{"@type":"ListItem","position":2,"name":"Musicalit\u00e9- Conditions d'utilisation"}]},{"@type":"WebSite","@id":"https:\/\/toutoui.musicalite.net\/#website","url":"https:\/\/toutoui.musicalite.net\/","name":"Toutoui &gt; Plateforme \u00e9ducative","description":"Musicalit\u00e9 en ligne","publisher":{"@id":"https:\/\/toutoui.musicalite.net\/#organization"},"potentialAction":[{"@type":"SearchAction","target":{"@type":"EntryPoint","urlTemplate":"https:\/\/toutoui.musicalite.net\/?s={search_term_string}"},"query-input":{"@type":"PropertyValueSpecification","valueRequired":true,"valueName":"search_term_string"}}],"inLanguage":"es"},{"@type":"Organization","@id":"https:\/\/toutoui.musicalite.net\/#organization","name":"Toutoui &gt; Plateforme \u00e9ducative","url":"https:\/\/toutoui.musicalite.net\/","logo":{"@type":"ImageObject","inLanguage":"es","@id":"https:\/\/toutoui.musicalite.net\/#\/schema\/logo\/image\/","url":"https:\/\/toutoui.musicalite.net\/wp-content\/uploads\/2022\/09\/cropped-logo-M.001-1-e1662054287241-1.png","contentUrl":"https:\/\/toutoui.musicalite.net\/wp-content\/uploads\/2022\/09\/cropped-logo-M.001-1-e1662054287241-1.png","width":512,"height":217,"caption":"Toutoui &gt; Plateforme \u00e9ducative"},"image":{"@id":"https:\/\/toutoui.musicalite.net\/#\/schema\/logo\/image\/"}}]}},"_links":{"self":[{"href":"https:\/\/toutoui.musicalite.net\/es\/wp-json\/wp\/v2\/pages\/5469","targetHints":{"allow":["GET"]}}],"collection":[{"href":"https:\/\/toutoui.musicalite.net\/es\/wp-json\/wp\/v2\/pages"}],"about":[{"href":"https:\/\/toutoui.musicalite.net\/es\/wp-json\/wp\/v2\/types\/page"}],"author":[{"embeddable":true,"href":"https:\/\/toutoui.musicalite.net\/es\/wp-json\/wp\/v2\/users\/1"}],"replies":[{"embeddable":true,"href":"https:\/\/toutoui.musicalite.net\/es\/wp-json\/wp\/v2\/comments?post=5469"}],"version-history":[{"count":0,"href":"https:\/\/toutoui.musicalite.net\/es\/wp-json\/wp\/v2\/pages\/5469\/revisions"}],"wp:attachment":[{"href":"https:\/\/toutoui.musicalite.net\/es\/wp-json\/wp\/v2\/media?parent=5469"}],"curies":[{"name":"wp","href":"https:\/\/api.w.org\/{rel}","templated":true}]}}